{"id":9701,"date":"2024-09-02T19:27:22","date_gmt":"2024-09-02T19:27:22","guid":{"rendered":"https:\/\/dominion-cs.com\/fonlarin-izahnamesi\/"},"modified":"2026-03-30T12:37:09","modified_gmt":"2026-03-30T12:37:09","slug":"funds-offering-memorandum","status":"publish","type":"page","link":"https:\/\/dominion-cs.com\/tr\/funds-offering-memorandum\/","title":{"rendered":"Fonlar\u0131n izahnamesi"},"content":{"rendered":"\t\t<div data-elementor-type=\"wp-page\" data-elementor-id=\"9701\" class=\"elementor elementor-9701 elementor-264\" data-elementor-settings=\"{&quot;element_pack_global_tooltip_width&quot;:{&quot;unit&quot;:&quot;px&quot;,&quot;size&quot;:&quot;&quot;,&quot;sizes&quot;:[]},&quot;element_pack_global_tooltip_width_tablet&quot;:{&quot;unit&quot;:&quot;px&quot;,&quot;size&quot;:&quot;&quot;,&quot;sizes&quot;:[]},&quot;element_pack_global_tooltip_width_mobile&quot;:{&quot;unit&quot;:&quot;px&quot;,&quot;size&quot;:&quot;&quot;,&quot;sizes&quot;:[]},&quot;element_pack_global_tooltip_padding&quot;:{&quot;unit&quot;:&quot;px&quot;,&quot;top&quot;:&quot;&quot;,&quot;right&quot;:&quot;&quot;,&quot;bottom&quot;:&quot;&quot;,&quot;left&quot;:&quot;&quot;,&quot;isLinked&quot;:true},&quot;element_pack_global_tooltip_padding_tablet&quot;:{&quot;unit&quot;:&quot;px&quot;,&quot;top&quot;:&quot;&quot;,&quot;right&quot;:&quot;&quot;,&quot;bottom&quot;:&quot;&quot;,&quot;left&quot;:&quot;&quot;,&quot;isLinked&quot;:true},&quot;element_pack_global_tooltip_padding_mobile&quot;:{&quot;unit&quot;:&quot;px&quot;,&quot;top&quot;:&quot;&quot;,&quot;right&quot;:&quot;&quot;,&quot;bottom&quot;:&quot;&quot;,&quot;left&quot;:&quot;&quot;,&quot;isLinked&quot;:true},&quot;element_pack_global_tooltip_border_radius&quot;:{&quot;unit&quot;:&quot;px&quot;,&quot;top&quot;:&quot;&quot;,&quot;right&quot;:&quot;&quot;,&quot;bottom&quot;:&quot;&quot;,&quot;left&quot;:&quot;&quot;,&quot;isLinked&quot;:true},&quot;element_pack_global_tooltip_border_radius_tablet&quot;:{&quot;unit&quot;:&quot;px&quot;,&quot;top&quot;:&quot;&quot;,&quot;right&quot;:&quot;&quot;,&quot;bottom&quot;:&quot;&quot;,&quot;left&quot;:&quot;&quot;,&quot;isLinked&quot;:true},&quot;element_pack_global_tooltip_border_radius_mobile&quot;:{&quot;unit&quot;:&quot;px&quot;,&quot;top&quot;:&quot;&quot;,&quot;right&quot;:&quot;&quot;,&quot;bottom&quot;:&quot;&quot;,&quot;left&quot;:&quot;&quot;,&quot;isLinked&quot;:true}}\">\n\t\t\t\t\t\t<div class=\"elementor-section elementor-top-section elementor-element elementor-element-f56de1b elementor-section-boxed elementor-section-height-default elementor-section-height-default\" data-id=\"f56de1b\" data-element_type=\"section\">\n\t\t\t\t\t\t<div class=\"elementor-container elementor-column-gap-default\">\n\t\t\t\t\t<div class=\"elementor-column elementor-col-100 elementor-top-column elementor-element elementor-element-78c3bc3\" data-id=\"78c3bc3\" data-element_type=\"column\">\n\t\t\t<div class=\"elementor-widget-wrap elementor-element-populated\">\n\t\t\t\t\t\t<div class=\"elementor-element elementor-element-d4dec6b elementor-widget__width-auto animated-fast elementor-invisible bdt-background-overlay-yes elementor-widget elementor-widget-heading\" data-id=\"d4dec6b\" data-element_type=\"widget\" data-settings=\"{&quot;_animation&quot;:&quot;fadeInUp&quot;,&quot;_animation_delay&quot;:600}\" data-widget_type=\"heading.default\">\n\t\t\t\t<div class=\"elementor-widget-container\">\n\t\t\t\t\t<h6 class=\"elementor-heading-title elementor-size-default\">Dominion<\/h6>\t\t\t\t<\/div>\n\t\t\t\t<\/div>\n\t\t\t\t<div class=\"elementor-element elementor-element-7adc61a animated-fast elementor-invisible elementor-widget elementor-widget-heading\" data-id=\"7adc61a\" data-element_type=\"widget\" data-settings=\"{&quot;_animation&quot;:&quot;fadeInUp&quot;,&quot;_animation_delay&quot;:750}\" data-widget_type=\"heading.default\">\n\t\t\t\t<div class=\"elementor-widget-container\">\n\t\t\t\t\t<h1 class=\"elementor-heading-title elementor-size-default\">Fonlar\u0131n izahnamesi<\/h1>\t\t\t\t<\/div>\n\t\t\t\t<\/div>\n\t\t\t\t<div class=\"elementor-element elementor-element-d53aacf animated-fast elementor-invisible elementor-widget elementor-widget-text-editor\" data-id=\"d53aacf\" data-element_type=\"widget\" data-settings=\"{&quot;_animation&quot;:&quot;fadeInUp&quot;,&quot;_animation_delay&quot;:900}\" data-widget_type=\"text-editor.default\">\n\t\t\t\t<div class=\"elementor-widget-container\">\n\t\t\t\t\t\t\t\t\t<p>\u0130ZAHNAME<\/p><p>DOMINION CAPITAL STRATEGIES FUNDS PCC LIMITED<\/p><p>(Guernsey yasalar\u0131 kapsam\u0131nda 64515 kay\u0131t numaras\u0131 ile hisselerle s\u0131n\u0131rl\u0131 korumal\u0131 h\u00fccre \u015firketi olarak kurulmu\u015f ve Guernsey Finansal Hizmetler Komisyonu taraf\u0131ndan yetkili B S\u0131n\u0131f\u0131 a\u00e7\u0131k u\u00e7lu kolektif yat\u0131r\u0131m plan\u0131 olarak yetkilendirilmi\u015ftir)<\/p><p>17 Mart 2026<\/p>\t\t\t\t\t\t\t\t<\/div>\n\t\t\t\t<\/div>\n\t\t\t\t<div class=\"elementor-element elementor-element-723246a elementor-align-center animated-fast elementor-invisible elementor-widget elementor-widget-button\" data-id=\"723246a\" data-element_type=\"widget\" data-settings=\"{&quot;_animation&quot;:&quot;fadeInUp&quot;,&quot;_animation_delay&quot;:900}\" data-widget_type=\"button.default\">\n\t\t\t\t<div class=\"elementor-widget-container\">\n\t\t\t\t\t\t\t\t\t<div class=\"elementor-button-wrapper\">\n\t\t\t\t\t<a class=\"elementor-button elementor-button-link elementor-size-sm\" href=\"https:\/\/dominion-cs.com\/\/wp-content\/uploads\/2026\/03\/DCS-PCC-Offering-Memorandum.pdf\" rel=\"nofollow\">\n\t\t\t\t\t\t<span class=\"elementor-button-content-wrapper\">\n\t\t\t\t\t\t\t\t\t<span class=\"elementor-button-text\">PDF \u0130ndir<\/span>\n\t\t\t\t\t<\/span>\n\t\t\t\t\t<\/a>\n\t\t\t\t<\/div>\n\t\t\t\t\t\t\t\t<\/div>\n\t\t\t\t<\/div>\n\t\t\t\t\t<\/div>\n\t\t<\/div>\n\t\t\t\t\t<\/div>\n\t\t<\/div>\n\t\t\t\t<\/div>\n\t\t","protected":false},"excerpt":{"rendered":"<p>Dominion Fonlar\u0131n izahnamesi \u0130ZAHNAME DOMINION CAPITAL STRATEGIES FUNDS PCC LIMITED (Guernsey yasalar\u0131 [&hellip;]<\/p>\n","protected":false},"author":1,"featured_media":0,"parent":0,"menu_order":0,"comment_status":"closed","ping_status":"closed","template":"","meta":{"footnotes":""},"class_list":["post-9701","page","type-page","status-publish","hentry"],"yoast_head":"<!-- This site is optimized with the Yoast SEO plugin v26.0 - https:\/\/yoast.com\/wordpress\/plugins\/seo\/ -->\n<title>Fonlar\u0131n izahnamesi - DOMINION<\/title>\n<meta name=\"description\" content=\"Dominion&#039;un \u0130zahnamesini ke\u015ffedin, yat\u0131r\u0131m yap\u0131m\u0131z ve benzersiz f\u0131rsatlar\u0131m\u0131z hakk\u0131nda kapsaml\u0131 bir rehber.\" \/>\n<meta name=\"robots\" content=\"index, follow, max-snippet:-1, max-image-preview:large, max-video-preview:-1\" \/>\n<link rel=\"canonical\" href=\"https:\/\/dominion-cs.com\/tr\/funds-offering-memorandum\/\" \/>\n<meta property=\"og:locale\" content=\"tr_TR\" \/>\n<meta property=\"og:type\" content=\"article\" \/>\n<meta property=\"og:title\" content=\"Fonlar\u0131n izahnamesi - DOMINION\" \/>\n<meta property=\"og:description\" content=\"Dominion&#039;un \u0130zahnamesini ke\u015ffedin, yat\u0131r\u0131m yap\u0131m\u0131z ve benzersiz f\u0131rsatlar\u0131m\u0131z hakk\u0131nda kapsaml\u0131 bir rehber.\" \/>\n<meta property=\"og:url\" content=\"https:\/\/dominion-cs.com\/tr\/funds-offering-memorandum\/\" \/>\n<meta property=\"og:site_name\" content=\"DOMINION\" \/>\n<meta property=\"article:publisher\" content=\"https:\/\/www.facebook.com\/dominion.cs\" \/>\n<meta property=\"article:modified_time\" content=\"2026-03-30T12:37:09+00:00\" \/>\n<meta property=\"og:image\" content=\"https:\/\/dominion-cs.com\/wp-content\/uploads\/2025\/06\/client-portal-min.jpg\" \/>\n\t<meta property=\"og:image:width\" content=\"2560\" \/>\n\t<meta property=\"og:image:height\" content=\"2233\" \/>\n\t<meta property=\"og:image:type\" content=\"image\/jpeg\" \/>\n<meta name=\"twitter:card\" content=\"summary_large_image\" \/>\n<meta name=\"twitter:site\" content=\"@dominion_cs_\" \/>\n<meta name=\"twitter:label1\" content=\"Tahmini okuma s\u00fcresi\" \/>\n\t<meta name=\"twitter:data1\" content=\"1 dakika\" \/>\n<!-- \/ Yoast SEO plugin. -->","yoast_head_json":{"title":"Fonlar\u0131n izahnamesi - DOMINION","description":"Dominion'un \u0130zahnamesini ke\u015ffedin, yat\u0131r\u0131m yap\u0131m\u0131z ve benzersiz f\u0131rsatlar\u0131m\u0131z hakk\u0131nda kapsaml\u0131 bir rehber.","robots":{"index":"index","follow":"follow","max-snippet":"max-snippet:-1","max-image-preview":"max-image-preview:large","max-video-preview":"max-video-preview:-1"},"canonical":"https:\/\/dominion-cs.com\/tr\/funds-offering-memorandum\/","og_locale":"tr_TR","og_type":"article","og_title":"Fonlar\u0131n izahnamesi - DOMINION","og_description":"Dominion'un \u0130zahnamesini ke\u015ffedin, yat\u0131r\u0131m yap\u0131m\u0131z ve benzersiz f\u0131rsatlar\u0131m\u0131z hakk\u0131nda kapsaml\u0131 bir rehber.","og_url":"https:\/\/dominion-cs.com\/tr\/funds-offering-memorandum\/","og_site_name":"DOMINION","article_publisher":"https:\/\/www.facebook.com\/dominion.cs","article_modified_time":"2026-03-30T12:37:09+00:00","og_image":[{"width":2560,"height":2233,"url":"https:\/\/dominion-cs.com\/wp-content\/uploads\/2025\/06\/client-portal-min.jpg","type":"image\/jpeg"}],"twitter_card":"summary_large_image","twitter_site":"@dominion_cs_","twitter_misc":{"Tahmini okuma s\u00fcresi":"1 dakika"},"schema":{"@context":"https:\/\/schema.org","@graph":[{"@type":"WebPage","@id":"https:\/\/dominion-cs.com\/tr\/funds-offering-memorandum\/","url":"https:\/\/dominion-cs.com\/tr\/funds-offering-memorandum\/","name":"Fonlar\u0131n izahnamesi - DOMINION","isPartOf":{"@id":"https:\/\/dominion-cs.com\/tr\/#website"},"datePublished":"2024-09-02T19:27:22+00:00","dateModified":"2026-03-30T12:37:09+00:00","description":"Dominion'un \u0130zahnamesini ke\u015ffedin, yat\u0131r\u0131m yap\u0131m\u0131z ve benzersiz f\u0131rsatlar\u0131m\u0131z hakk\u0131nda kapsaml\u0131 bir rehber.","breadcrumb":{"@id":"https:\/\/dominion-cs.com\/tr\/funds-offering-memorandum\/#breadcrumb"},"inLanguage":"tr","potentialAction":[{"@type":"ReadAction","target":["https:\/\/dominion-cs.com\/tr\/funds-offering-memorandum\/"]}]},{"@type":"BreadcrumbList","@id":"https:\/\/dominion-cs.com\/tr\/funds-offering-memorandum\/#breadcrumb","itemListElement":[{"@type":"ListItem","position":1,"name":"Home","item":"https:\/\/dominion-cs.com\/tr\/"},{"@type":"ListItem","position":2,"name":"Fonlar\u0131n izahnamesi"}]},{"@type":"WebSite","@id":"https:\/\/dominion-cs.com\/tr\/#website","url":"https:\/\/dominion-cs.com\/tr\/","name":"DOMINION","description":"","publisher":{"@id":"https:\/\/dominion-cs.com\/tr\/#organization"},"potentialAction":[{"@type":"SearchAction","target":{"@type":"EntryPoint","urlTemplate":"https:\/\/dominion-cs.com\/tr\/?s={search_term_string}"},"query-input":{"@type":"PropertyValueSpecification","valueRequired":true,"valueName":"search_term_string"}}],"inLanguage":"tr"},{"@type":"Organization","@id":"https:\/\/dominion-cs.com\/tr\/#organization","name":"DOMINION","url":"https:\/\/dominion-cs.com\/tr\/","logo":{"@type":"ImageObject","inLanguage":"tr","@id":"https:\/\/dominion-cs.com\/tr\/#\/schema\/logo\/image\/","url":"https:\/\/dominion-cs.com\/wp-content\/uploads\/2025\/06\/dominion-black-square-profiles.png","contentUrl":"https:\/\/dominion-cs.com\/wp-content\/uploads\/2025\/06\/dominion-black-square-profiles.png","width":1828,"height":1829,"caption":"DOMINION"},"image":{"@id":"https:\/\/dominion-cs.com\/tr\/#\/schema\/logo\/image\/"},"sameAs":["https:\/\/www.facebook.com\/dominion.cs","https:\/\/x.com\/dominion_cs_"]}]}},"_links":{"self":[{"href":"https:\/\/dominion-cs.com\/tr\/wp-json\/wp\/v2\/pages\/9701","targetHints":{"allow":["GET"]}}],"collection":[{"href":"https:\/\/dominion-cs.com\/tr\/wp-json\/wp\/v2\/pages"}],"about":[{"href":"https:\/\/dominion-cs.com\/tr\/wp-json\/wp\/v2\/types\/page"}],"author":[{"embeddable":true,"href":"https:\/\/dominion-cs.com\/tr\/wp-json\/wp\/v2\/users\/1"}],"replies":[{"embeddable":true,"href":"https:\/\/dominion-cs.com\/tr\/wp-json\/wp\/v2\/comments?post=9701"}],"version-history":[{"count":7,"href":"https:\/\/dominion-cs.com\/tr\/wp-json\/wp\/v2\/pages\/9701\/revisions"}],"predecessor-version":[{"id":11210,"href":"https:\/\/dominion-cs.com\/tr\/wp-json\/wp\/v2\/pages\/9701\/revisions\/11210"}],"wp:attachment":[{"href":"https:\/\/dominion-cs.com\/tr\/wp-json\/wp\/v2\/media?parent=9701"}],"curies":[{"name":"wp","href":"https:\/\/api.w.org\/{rel}","templated":true}]}}