{"id":9696,"date":"2025-06-12T19:12:23","date_gmt":"2025-06-12T19:12:23","guid":{"rendered":"https:\/\/dominion-cs.com\/cerez-politikasi\/"},"modified":"2025-07-25T14:05:44","modified_gmt":"2025-07-25T14:05:44","slug":"cookies","status":"publish","type":"page","link":"https:\/\/dominion-cs.com\/tr\/cookies\/","title":{"rendered":"\u00c7erez politikas\u0131"},"content":{"rendered":"\t\t<div data-elementor-type=\"wp-page\" data-elementor-id=\"9696\" class=\"elementor elementor-9696 elementor-7222\" data-elementor-settings=\"{&quot;element_pack_global_tooltip_width&quot;:{&quot;unit&quot;:&quot;px&quot;,&quot;size&quot;:&quot;&quot;,&quot;sizes&quot;:[]},&quot;element_pack_global_tooltip_width_tablet&quot;:{&quot;unit&quot;:&quot;px&quot;,&quot;size&quot;:&quot;&quot;,&quot;sizes&quot;:[]},&quot;element_pack_global_tooltip_width_mobile&quot;:{&quot;unit&quot;:&quot;px&quot;,&quot;size&quot;:&quot;&quot;,&quot;sizes&quot;:[]},&quot;element_pack_global_tooltip_padding&quot;:{&quot;unit&quot;:&quot;px&quot;,&quot;top&quot;:&quot;&quot;,&quot;right&quot;:&quot;&quot;,&quot;bottom&quot;:&quot;&quot;,&quot;left&quot;:&quot;&quot;,&quot;isLinked&quot;:true},&quot;element_pack_global_tooltip_padding_tablet&quot;:{&quot;unit&quot;:&quot;px&quot;,&quot;top&quot;:&quot;&quot;,&quot;right&quot;:&quot;&quot;,&quot;bottom&quot;:&quot;&quot;,&quot;left&quot;:&quot;&quot;,&quot;isLinked&quot;:true},&quot;element_pack_global_tooltip_padding_mobile&quot;:{&quot;unit&quot;:&quot;px&quot;,&quot;top&quot;:&quot;&quot;,&quot;right&quot;:&quot;&quot;,&quot;bottom&quot;:&quot;&quot;,&quot;left&quot;:&quot;&quot;,&quot;isLinked&quot;:true},&quot;element_pack_global_tooltip_border_radius&quot;:{&quot;unit&quot;:&quot;px&quot;,&quot;top&quot;:&quot;&quot;,&quot;right&quot;:&quot;&quot;,&quot;bottom&quot;:&quot;&quot;,&quot;left&quot;:&quot;&quot;,&quot;isLinked&quot;:true},&quot;element_pack_global_tooltip_border_radius_tablet&quot;:{&quot;unit&quot;:&quot;px&quot;,&quot;top&quot;:&quot;&quot;,&quot;right&quot;:&quot;&quot;,&quot;bottom&quot;:&quot;&quot;,&quot;left&quot;:&quot;&quot;,&quot;isLinked&quot;:true},&quot;element_pack_global_tooltip_border_radius_mobile&quot;:{&quot;unit&quot;:&quot;px&quot;,&quot;top&quot;:&quot;&quot;,&quot;right&quot;:&quot;&quot;,&quot;bottom&quot;:&quot;&quot;,&quot;left&quot;:&quot;&quot;,&quot;isLinked&quot;:true}}\">\n\t\t\t\t\t\t<div class=\"elementor-section elementor-top-section elementor-element elementor-element-f56de1b elementor-section-boxed elementor-section-height-default elementor-section-height-default\" data-id=\"f56de1b\" data-element_type=\"section\">\n\t\t\t\t\t\t<div class=\"elementor-container elementor-column-gap-default\">\n\t\t\t\t\t<div class=\"elementor-column elementor-col-100 elementor-top-column elementor-element elementor-element-78c3bc3\" data-id=\"78c3bc3\" data-element_type=\"column\">\n\t\t\t<div class=\"elementor-widget-wrap elementor-element-populated\">\n\t\t\t\t\t\t<div class=\"elementor-element elementor-element-d4dec6b elementor-widget__width-auto animated-fast elementor-invisible bdt-background-overlay-yes elementor-widget elementor-widget-heading\" data-id=\"d4dec6b\" data-element_type=\"widget\" data-settings=\"{&quot;_animation&quot;:&quot;fadeInUp&quot;,&quot;_animation_delay&quot;:600}\" data-widget_type=\"heading.default\">\n\t\t\t\t<div class=\"elementor-widget-container\">\n\t\t\t\t\t<h6 class=\"elementor-heading-title elementor-size-default\">Dominion<\/h6>\t\t\t\t<\/div>\n\t\t\t\t<\/div>\n\t\t\t\t<div class=\"elementor-element elementor-element-7adc61a animated-fast elementor-invisible elementor-widget elementor-widget-heading\" data-id=\"7adc61a\" data-element_type=\"widget\" data-settings=\"{&quot;_animation&quot;:&quot;fadeInUp&quot;,&quot;_animation_delay&quot;:750}\" data-widget_type=\"heading.default\">\n\t\t\t\t<div class=\"elementor-widget-container\">\n\t\t\t\t\t<h1 class=\"elementor-heading-title elementor-size-default\">\u00c7erez politikas\u0131<\/h1>\t\t\t\t<\/div>\n\t\t\t\t<\/div>\n\t\t\t\t<div class=\"elementor-element elementor-element-d53aacf animated-fast elementor-invisible elementor-widget elementor-widget-text-editor\" data-id=\"d53aacf\" data-element_type=\"widget\" data-settings=\"{&quot;_animation&quot;:&quot;fadeInUp&quot;,&quot;_animation_delay&quot;:900}\" data-widget_type=\"text-editor.default\">\n\t\t\t\t<div class=\"elementor-widget-container\">\n\t\t\t\t\t\t\t\t\t<p style=\"text-align: center;\">Son g\u00fcncelleme: 12-Haz-2025<\/p><h5>\u00c7erezler nedir?<\/h5><div class=\"cookie-policy-p\"><p>Bu \u00c7erez Politikas\u0131, \u00e7erezlerin ne oldu\u011funu ve bunlar\u0131 nas\u0131l kulland\u0131\u011f\u0131m\u0131z\u0131, kulland\u0131\u011f\u0131m\u0131z \u00e7erez t\u00fcrlerini, yani \u00e7erezler kullan\u0131larak toplanan bilgileri ve bu bilgilerin nas\u0131l kullan\u0131ld\u0131\u011f\u0131n\u0131 ve \u00e7erez ayarlar\u0131n\u0131n nas\u0131l y\u00f6netilece\u011fini a\u00e7\u0131klar.<\/p><p>\u00c7erezler, k\u00fc\u00e7\u00fck bilgi par\u00e7alar\u0131n\u0131 depolamak i\u00e7in kullan\u0131lan k\u00fc\u00e7\u00fck metin dosyalar\u0131d\u0131r. Web sitesi taray\u0131c\u0131n\u0131zda y\u00fcklendi\u011finde cihaz\u0131n\u0131zda saklan\u0131rlar. Bu \u00e7erezler, web sitesinin d\u00fczg\u00fcn \u00e7al\u0131\u015fmas\u0131na, daha g\u00fcvenli olmas\u0131na, daha iyi kullan\u0131c\u0131 deneyimi sunmas\u0131na ve web sitesinin nas\u0131l performans g\u00f6sterdi\u011fini anlamaya ve neyin i\u015fe yarad\u0131\u011f\u0131n\u0131 ve nerelerde iyile\u015ftirme gerekti\u011fini analiz etmemize yard\u0131mc\u0131 olur.  <\/p><\/div><h5>\u00c7erezleri nas\u0131l kullan\u0131yoruz?<\/h5><div class=\"cookie-policy-p\"><p>\u00c7o\u011fu \u00e7evrimi\u00e7i hizmet gibi, web sitemiz de birka\u00e7 ama\u00e7 i\u00e7in birinci taraf ve \u00fc\u00e7\u00fcnc\u00fc taraf \u00e7erezleri kullan\u0131r. Birinci taraf \u00e7erezleri \u00e7o\u011funlukla web sitesinin do\u011fru \u015fekilde \u00e7al\u0131\u015fmas\u0131 i\u00e7in gereklidir ve ki\u015fisel olarak tan\u0131mlanabilir verilerinizi toplamaz. <\/p><p>Web sitemizde kullan\u0131lan \u00fc\u00e7\u00fcnc\u00fc taraf \u00e7erezleri, esas olarak web sitesinin nas\u0131l performans g\u00f6sterdi\u011fini, web sitemizle nas\u0131l etkile\u015fimde bulundu\u011funuzu anlamak, hizmetlerimizi g\u00fcvenli tutmak, size uygun reklamlar sunmak ve genel olarak size daha iyi ve geli\u015ftirilmi\u015f bir kullan\u0131c\u0131 deneyimi sunmak ve web sitemizle gelecekteki etkile\u015fimlerinizi h\u0131zland\u0131rmaya yard\u0131mc\u0131 olmak i\u00e7indir.<\/p><\/div><h5>Kulland\u0131\u011f\u0131m\u0131z \u00e7erez t\u00fcrleri<\/h5><div class=\"cky-audit-table-element\"> <\/div><h5 style=\"margin-bottom: 20px;\">\u00c7erez tercihlerini y\u00f6net<\/h5><p><button class=\"cky-banner-element elementor-button elementor-button-link elementor-size-sm\" style=\"cursor: pointer;\">\u00c7erez ayarlar\u0131<\/button><\/p><div style=\"text-align: left; margin-top: 30px;\"><p>Yukar\u0131daki d\u00fc\u011fmeye t\u0131klayarak \u00e7erez tercihlerinizi istedi\u011finiz zaman de\u011fi\u015ftirebilirsiniz. Bu, \u00e7erez onay afi\u015fini yeniden ziyaret etmenizi ve tercihlerinizi de\u011fi\u015ftirmenizi veya onay\u0131n\u0131z\u0131 hemen geri \u00e7ekmenizi sa\u011flayacakt\u0131r. <\/p><p>Buna ek olarak, farkl\u0131 taray\u0131c\u0131lar, web siteleri taraf\u0131ndan kullan\u0131lan \u00e7erezleri engellemek ve silmek i\u00e7in farkl\u0131 y\u00f6ntemler sunar. \u00c7erezleri engellemek\/silmek i\u00e7in taray\u0131c\u0131n\u0131z\u0131n ayarlar\u0131n\u0131 de\u011fi\u015ftirebilirsiniz. Ba\u015fl\u0131ca web taray\u0131c\u0131lar\u0131ndan \u00e7erezleri y\u00f6netme ve silme konusundaki destek belgelerine ba\u011flant\u0131lar a\u015fa\u011f\u0131da listelenmi\u015ftir.  <\/p><p><a href=\"https:\/\/support.google.com\/accounts\/answer\/32050\" target=\"_blank\" rel=\"noopener\"><span style=\"color: #90d977;\">Chrome<\/span><\/a><\/p><p><a href=\"https:\/\/support.apple.com\/en-in\/guide\/safari\/sfri11471\/mac\" target=\"_blank\" rel=\"noopener\"><span style=\"color: #90d977;\">Safari<\/span><\/a><\/p><p><a href=\"https:\/\/support.mozilla.org\/en-US\/kb\/clear-cookies-and-site-data-firefox?redirectslug=delete-cookies-remove-info-websites-stored&amp;redirectlocale=en-US\" target=\"_blank\" rel=\"noopener\"><span style=\"color: #90d977;\">Firefox<\/span><\/a><\/p><p><span style=\"color: #90d977;\"><a style=\"color: #90d977;\" href=\"https:\/\/support.microsoft.com\/en-us\/topic\/how-to-delete-cookie-files-in-internet-explorer-bca9446f-d873-78de-77ba-d42645fa52fc\" target=\"_blank\" rel=\"noopener\">Internet Explorer<\/a><\/span><\/p><p>Ba\u015fka bir web taray\u0131c\u0131s\u0131 kullan\u0131yorsan\u0131z, l\u00fctfen taray\u0131c\u0131n\u0131z\u0131n resmi destek belgelerini ziyaret edin.<\/p><\/div>\t\t\t\t\t\t\t\t<\/div>\n\t\t\t\t<\/div>\n\t\t\t\t\t<\/div>\n\t\t<\/div>\n\t\t\t\t\t<\/div>\n\t\t<\/div>\n\t\t\t\t<\/div>\n\t\t","protected":false},"excerpt":{"rendered":"<p>Dominion \u00c7erez politikas\u0131 Son g\u00fcncelleme: 12-Haz-2025 \u00c7erezler nedir? Bu \u00c7erez Politikas\u0131, \u00e7erezlerin [&hellip;]<\/p>\n","protected":false},"author":1,"featured_media":0,"parent":0,"menu_order":0,"comment_status":"closed","ping_status":"closed","template":"","meta":{"footnotes":""},"class_list":["post-9696","page","type-page","status-publish","hentry"],"yoast_head":"<!-- This site is optimized with the Yoast SEO plugin v26.0 - https:\/\/yoast.com\/wordpress\/plugins\/seo\/ -->\n<title>\u00c7erez politikas\u0131 - DOMINION<\/title>\n<meta name=\"description\" content=\"Platformumuzu kullan\u0131rken haklar\u0131n\u0131z\u0131 ve sorumluluklar\u0131n\u0131z\u0131 belirten Dominion Kullan\u0131m Ko\u015fullar\u0131n\u0131 ke\u015ffedin.\" \/>\n<meta name=\"robots\" content=\"index, follow, max-snippet:-1, max-image-preview:large, max-video-preview:-1\" \/>\n<link rel=\"canonical\" href=\"https:\/\/dominion-cs.com\/tr\/cookies\/\" \/>\n<meta property=\"og:locale\" content=\"tr_TR\" \/>\n<meta property=\"og:type\" content=\"article\" \/>\n<meta property=\"og:title\" content=\"\u00c7erez politikas\u0131 - DOMINION\" \/>\n<meta property=\"og:description\" content=\"Platformumuzu kullan\u0131rken haklar\u0131n\u0131z\u0131 ve sorumluluklar\u0131n\u0131z\u0131 belirten Dominion Kullan\u0131m Ko\u015fullar\u0131n\u0131 ke\u015ffedin.\" \/>\n<meta property=\"og:url\" content=\"https:\/\/dominion-cs.com\/tr\/cookies\/\" \/>\n<meta property=\"og:site_name\" content=\"DOMINION\" \/>\n<meta property=\"article:publisher\" content=\"https:\/\/www.facebook.com\/dominion.cs\" \/>\n<meta property=\"article:modified_time\" content=\"2025-07-25T14:05:44+00:00\" \/>\n<meta property=\"og:image\" content=\"https:\/\/dominion-cs.com\/wp-content\/uploads\/2025\/06\/client-portal-min.jpg\" \/>\n\t<meta property=\"og:image:width\" content=\"2560\" \/>\n\t<meta property=\"og:image:height\" content=\"2233\" \/>\n\t<meta property=\"og:image:type\" content=\"image\/jpeg\" \/>\n<meta name=\"twitter:card\" content=\"summary_large_image\" \/>\n<meta name=\"twitter:site\" content=\"@dominion_cs_\" \/>\n<meta name=\"twitter:label1\" content=\"Tahmini okuma s\u00fcresi\" \/>\n\t<meta name=\"twitter:data1\" content=\"2 dakika\" \/>\n<!-- \/ Yoast SEO plugin. -->","yoast_head_json":{"title":"\u00c7erez politikas\u0131 - DOMINION","description":"Platformumuzu kullan\u0131rken haklar\u0131n\u0131z\u0131 ve sorumluluklar\u0131n\u0131z\u0131 belirten Dominion Kullan\u0131m Ko\u015fullar\u0131n\u0131 ke\u015ffedin.","robots":{"index":"index","follow":"follow","max-snippet":"max-snippet:-1","max-image-preview":"max-image-preview:large","max-video-preview":"max-video-preview:-1"},"canonical":"https:\/\/dominion-cs.com\/tr\/cookies\/","og_locale":"tr_TR","og_type":"article","og_title":"\u00c7erez politikas\u0131 - DOMINION","og_description":"Platformumuzu kullan\u0131rken haklar\u0131n\u0131z\u0131 ve sorumluluklar\u0131n\u0131z\u0131 belirten Dominion Kullan\u0131m Ko\u015fullar\u0131n\u0131 ke\u015ffedin.","og_url":"https:\/\/dominion-cs.com\/tr\/cookies\/","og_site_name":"DOMINION","article_publisher":"https:\/\/www.facebook.com\/dominion.cs","article_modified_time":"2025-07-25T14:05:44+00:00","og_image":[{"width":2560,"height":2233,"url":"https:\/\/dominion-cs.com\/wp-content\/uploads\/2025\/06\/client-portal-min.jpg","type":"image\/jpeg"}],"twitter_card":"summary_large_image","twitter_site":"@dominion_cs_","twitter_misc":{"Tahmini okuma s\u00fcresi":"2 dakika"},"schema":{"@context":"https:\/\/schema.org","@graph":[{"@type":"WebPage","@id":"https:\/\/dominion-cs.com\/tr\/cookies\/","url":"https:\/\/dominion-cs.com\/tr\/cookies\/","name":"\u00c7erez politikas\u0131 - DOMINION","isPartOf":{"@id":"https:\/\/dominion-cs.com\/tr\/#website"},"datePublished":"2025-06-12T19:12:23+00:00","dateModified":"2025-07-25T14:05:44+00:00","description":"Platformumuzu kullan\u0131rken haklar\u0131n\u0131z\u0131 ve sorumluluklar\u0131n\u0131z\u0131 belirten Dominion Kullan\u0131m Ko\u015fullar\u0131n\u0131 ke\u015ffedin.","breadcrumb":{"@id":"https:\/\/dominion-cs.com\/tr\/cookies\/#breadcrumb"},"inLanguage":"tr","potentialAction":[{"@type":"ReadAction","target":["https:\/\/dominion-cs.com\/tr\/cookies\/"]}]},{"@type":"BreadcrumbList","@id":"https:\/\/dominion-cs.com\/tr\/cookies\/#breadcrumb","itemListElement":[{"@type":"ListItem","position":1,"name":"Home","item":"https:\/\/dominion-cs.com\/tr\/"},{"@type":"ListItem","position":2,"name":"\u00c7erez politikas\u0131"}]},{"@type":"WebSite","@id":"https:\/\/dominion-cs.com\/tr\/#website","url":"https:\/\/dominion-cs.com\/tr\/","name":"DOMINION","description":"","publisher":{"@id":"https:\/\/dominion-cs.com\/tr\/#organization"},"potentialAction":[{"@type":"SearchAction","target":{"@type":"EntryPoint","urlTemplate":"https:\/\/dominion-cs.com\/tr\/?s={search_term_string}"},"query-input":{"@type":"PropertyValueSpecification","valueRequired":true,"valueName":"search_term_string"}}],"inLanguage":"tr"},{"@type":"Organization","@id":"https:\/\/dominion-cs.com\/tr\/#organization","name":"DOMINION","url":"https:\/\/dominion-cs.com\/tr\/","logo":{"@type":"ImageObject","inLanguage":"tr","@id":"https:\/\/dominion-cs.com\/tr\/#\/schema\/logo\/image\/","url":"https:\/\/dominion-cs.com\/wp-content\/uploads\/2025\/06\/dominion-black-square-profiles.png","contentUrl":"https:\/\/dominion-cs.com\/wp-content\/uploads\/2025\/06\/dominion-black-square-profiles.png","width":1828,"height":1829,"caption":"DOMINION"},"image":{"@id":"https:\/\/dominion-cs.com\/tr\/#\/schema\/logo\/image\/"},"sameAs":["https:\/\/www.facebook.com\/dominion.cs","https:\/\/x.com\/dominion_cs_"]}]}},"_links":{"self":[{"href":"https:\/\/dominion-cs.com\/tr\/wp-json\/wp\/v2\/pages\/9696","targetHints":{"allow":["GET"]}}],"collection":[{"href":"https:\/\/dominion-cs.com\/tr\/wp-json\/wp\/v2\/pages"}],"about":[{"href":"https:\/\/dominion-cs.com\/tr\/wp-json\/wp\/v2\/types\/page"}],"author":[{"embeddable":true,"href":"https:\/\/dominion-cs.com\/tr\/wp-json\/wp\/v2\/users\/1"}],"replies":[{"embeddable":true,"href":"https:\/\/dominion-cs.com\/tr\/wp-json\/wp\/v2\/comments?post=9696"}],"version-history":[{"count":1,"href":"https:\/\/dominion-cs.com\/tr\/wp-json\/wp\/v2\/pages\/9696\/revisions"}],"predecessor-version":[{"id":9697,"href":"https:\/\/dominion-cs.com\/tr\/wp-json\/wp\/v2\/pages\/9696\/revisions\/9697"}],"wp:attachment":[{"href":"https:\/\/dominion-cs.com\/tr\/wp-json\/wp\/v2\/media?parent=9696"}],"curies":[{"name":"wp","href":"https:\/\/api.w.org\/{rel}","templated":true}]}}