{"id":9435,"date":"2025-06-12T19:12:23","date_gmt":"2025-06-12T19:12:23","guid":{"rendered":"https:\/\/dominion-cs.com\/politique-des-cookies\/"},"modified":"2025-07-22T00:04:52","modified_gmt":"2025-07-22T00:04:52","slug":"cookies","status":"publish","type":"page","link":"https:\/\/dominion-cs.com\/fr\/cookies\/","title":{"rendered":"Politique des cookies"},"content":{"rendered":"\t\t<div data-elementor-type=\"wp-page\" data-elementor-id=\"9435\" class=\"elementor elementor-9435 elementor-7222\" data-elementor-settings=\"{&quot;element_pack_global_tooltip_width&quot;:{&quot;unit&quot;:&quot;px&quot;,&quot;size&quot;:&quot;&quot;,&quot;sizes&quot;:[]},&quot;element_pack_global_tooltip_width_tablet&quot;:{&quot;unit&quot;:&quot;px&quot;,&quot;size&quot;:&quot;&quot;,&quot;sizes&quot;:[]},&quot;element_pack_global_tooltip_width_mobile&quot;:{&quot;unit&quot;:&quot;px&quot;,&quot;size&quot;:&quot;&quot;,&quot;sizes&quot;:[]},&quot;element_pack_global_tooltip_padding&quot;:{&quot;unit&quot;:&quot;px&quot;,&quot;top&quot;:&quot;&quot;,&quot;right&quot;:&quot;&quot;,&quot;bottom&quot;:&quot;&quot;,&quot;left&quot;:&quot;&quot;,&quot;isLinked&quot;:true},&quot;element_pack_global_tooltip_padding_tablet&quot;:{&quot;unit&quot;:&quot;px&quot;,&quot;top&quot;:&quot;&quot;,&quot;right&quot;:&quot;&quot;,&quot;bottom&quot;:&quot;&quot;,&quot;left&quot;:&quot;&quot;,&quot;isLinked&quot;:true},&quot;element_pack_global_tooltip_padding_mobile&quot;:{&quot;unit&quot;:&quot;px&quot;,&quot;top&quot;:&quot;&quot;,&quot;right&quot;:&quot;&quot;,&quot;bottom&quot;:&quot;&quot;,&quot;left&quot;:&quot;&quot;,&quot;isLinked&quot;:true},&quot;element_pack_global_tooltip_border_radius&quot;:{&quot;unit&quot;:&quot;px&quot;,&quot;top&quot;:&quot;&quot;,&quot;right&quot;:&quot;&quot;,&quot;bottom&quot;:&quot;&quot;,&quot;left&quot;:&quot;&quot;,&quot;isLinked&quot;:true},&quot;element_pack_global_tooltip_border_radius_tablet&quot;:{&quot;unit&quot;:&quot;px&quot;,&quot;top&quot;:&quot;&quot;,&quot;right&quot;:&quot;&quot;,&quot;bottom&quot;:&quot;&quot;,&quot;left&quot;:&quot;&quot;,&quot;isLinked&quot;:true},&quot;element_pack_global_tooltip_border_radius_mobile&quot;:{&quot;unit&quot;:&quot;px&quot;,&quot;top&quot;:&quot;&quot;,&quot;right&quot;:&quot;&quot;,&quot;bottom&quot;:&quot;&quot;,&quot;left&quot;:&quot;&quot;,&quot;isLinked&quot;:true}}\">\n\t\t\t\t\t\t<div class=\"elementor-section elementor-top-section elementor-element elementor-element-f56de1b elementor-section-boxed elementor-section-height-default elementor-section-height-default\" data-id=\"f56de1b\" data-element_type=\"section\">\n\t\t\t\t\t\t<div class=\"elementor-container elementor-column-gap-default\">\n\t\t\t\t\t<div class=\"elementor-column elementor-col-100 elementor-top-column elementor-element elementor-element-78c3bc3\" data-id=\"78c3bc3\" data-element_type=\"column\">\n\t\t\t<div class=\"elementor-widget-wrap elementor-element-populated\">\n\t\t\t\t\t\t<div class=\"elementor-element elementor-element-d4dec6b elementor-widget__width-auto animated-fast elementor-invisible bdt-background-overlay-yes elementor-widget elementor-widget-heading\" data-id=\"d4dec6b\" data-element_type=\"widget\" data-settings=\"{&quot;_animation&quot;:&quot;fadeInUp&quot;,&quot;_animation_delay&quot;:600}\" data-widget_type=\"heading.default\">\n\t\t\t\t<div class=\"elementor-widget-container\">\n\t\t\t\t\t<h6 class=\"elementor-heading-title elementor-size-default\">Dominion<\/h6>\t\t\t\t<\/div>\n\t\t\t\t<\/div>\n\t\t\t\t<div class=\"elementor-element elementor-element-7adc61a animated-fast elementor-invisible elementor-widget elementor-widget-heading\" data-id=\"7adc61a\" data-element_type=\"widget\" data-settings=\"{&quot;_animation&quot;:&quot;fadeInUp&quot;,&quot;_animation_delay&quot;:750}\" data-widget_type=\"heading.default\">\n\t\t\t\t<div class=\"elementor-widget-container\">\n\t\t\t\t\t<h1 class=\"elementor-heading-title elementor-size-default\">Politique des cookies<\/h1>\t\t\t\t<\/div>\n\t\t\t\t<\/div>\n\t\t\t\t<div class=\"elementor-element elementor-element-d53aacf animated-fast elementor-invisible elementor-widget elementor-widget-text-editor\" data-id=\"d53aacf\" data-element_type=\"widget\" data-settings=\"{&quot;_animation&quot;:&quot;fadeInUp&quot;,&quot;_animation_delay&quot;:900}\" data-widget_type=\"text-editor.default\">\n\t\t\t\t<div class=\"elementor-widget-container\">\n\t\t\t\t\t\t\t\t\t<p style=\"text-align: center;\">Derni\u00e8re mise \u00e0 jour : 12 juin 2025<\/p><h5>Que sont les cookies ?<\/h5><div class=\"cookie-policy-p\"><p>Cette Politique des cookies explique ce que sont les cookies et comment nous les utilisons, les types de cookies que nous utilisons, c&rsquo;est-\u00e0-dire les informations que nous collectons \u00e0 l&rsquo;aide des cookies et comment ces informations sont utilis\u00e9es, ainsi que la gestion des param\u00e8tres des cookies.<\/p><p>Les cookies sont de petits fichiers texte utilis\u00e9s pour stocker de petites quantit\u00e9s d&rsquo;informations. Ils sont stock\u00e9s sur votre appareil lorsque le site web est charg\u00e9 dans votre navigateur. Ces cookies nous aident \u00e0 faire fonctionner correctement le site web, \u00e0 le rendre plus s\u00e9curis\u00e9, \u00e0 offrir une meilleure exp\u00e9rience utilisateur et \u00e0 comprendre comment le site web fonctionne afin d&rsquo;analyser ce qui marche et ce qui doit \u00eatre am\u00e9lior\u00e9.  <\/p><\/div><h5>Comment utilisons-nous les cookies ?<\/h5><div class=\"cookie-policy-p\"><p>Comme la plupart des services en ligne, notre site web utilise des cookies propri\u00e9taires et tiers \u00e0 plusieurs fins. Les cookies propri\u00e9taires sont principalement n\u00e9cessaires au bon fonctionnement du site web et ne collectent aucune de vos donn\u00e9es personnelles identifiables. <\/p><p>Les cookies tiers utilis\u00e9s sur notre site web servent principalement \u00e0 comprendre les performances du site, comment vous interagissez avec notre site, \u00e0 maintenir nos services s\u00e9curis\u00e9s, \u00e0 fournir des publicit\u00e9s pertinentes, et globalement \u00e0 vous offrir une meilleure exp\u00e9rience utilisateur am\u00e9lior\u00e9e et \u00e0 acc\u00e9l\u00e9rer vos futures interactions avec notre site web.<\/p><\/div><h5>Types de cookies que nous utilisons<\/h5><div class=\"cky-audit-table-element\"> <\/div><h5 style=\"margin-bottom: 20px;\">G\u00e9rer les pr\u00e9f\u00e9rences des cookies<\/h5><p><button class=\"cky-banner-element elementor-button elementor-button-link elementor-size-sm\" style=\"cursor: pointer;\">Param\u00e8tres des cookies<\/button><\/p><div style=\"text-align: left; margin-top: 30px;\"><p>Vous pouvez modifier vos pr\u00e9f\u00e9rences de cookies \u00e0 tout moment en cliquant sur le bouton ci-dessus. Cela vous permettra de revoir la banni\u00e8re de consentement des cookies et de modifier vos pr\u00e9f\u00e9rences ou de retirer votre consentement imm\u00e9diatement. <\/p><p>De plus, les diff\u00e9rents navigateurs proposent diff\u00e9rentes m\u00e9thodes pour bloquer et supprimer les cookies utilis\u00e9s par les sites web. Vous pouvez modifier les param\u00e8tres de votre navigateur pour bloquer\/supprimer les cookies. Vous trouverez ci-dessous les liens vers les documents d&rsquo;assistance sur la gestion et la suppression des cookies des principaux navigateurs web.  <\/p><p><a href=\"https:\/\/support.google.com\/accounts\/answer\/32050\" target=\"_blank\" rel=\"noopener\"><span style=\"color: #90d977;\">Chrome<\/span><\/a><\/p><p><a href=\"https:\/\/support.apple.com\/en-in\/guide\/safari\/sfri11471\/mac\" target=\"_blank\" rel=\"noopener\"><span style=\"color: #90d977;\">Safari<\/span><\/a><\/p><p><a href=\"https:\/\/support.mozilla.org\/en-US\/kb\/clear-cookies-and-site-data-firefox?redirectslug=delete-cookies-remove-info-websites-stored&amp;redirectlocale=en-US\" target=\"_blank\" rel=\"noopener\"><span style=\"color: #90d977;\">Firefox<\/span><\/a><\/p><p><span style=\"color: #90d977;\"><a style=\"color: #90d977;\" href=\"https:\/\/support.microsoft.com\/en-us\/topic\/how-to-delete-cookie-files-in-internet-explorer-bca9446f-d873-78de-77ba-d42645fa52fc\" target=\"_blank\" rel=\"noopener\">Internet Explorer<\/a><\/span><\/p><p>Si vous utilisez un autre navigateur web, veuillez consulter les documents d&rsquo;assistance officiels de votre navigateur.<\/p><\/div>\t\t\t\t\t\t\t\t<\/div>\n\t\t\t\t<\/div>\n\t\t\t\t\t<\/div>\n\t\t<\/div>\n\t\t\t\t\t<\/div>\n\t\t<\/div>\n\t\t\t\t<\/div>\n\t\t","protected":false},"excerpt":{"rendered":"<p>Dominion Politique des cookies Derni\u00e8re mise \u00e0 jour : 12 juin 2025 [&hellip;]<\/p>\n","protected":false},"author":1,"featured_media":0,"parent":0,"menu_order":0,"comment_status":"closed","ping_status":"closed","template":"","meta":{"footnotes":""},"class_list":["post-9435","page","type-page","status-publish","hentry"],"yoast_head":"<!-- This site is optimized with the Yoast SEO plugin v26.0 - https:\/\/yoast.com\/wordpress\/plugins\/seo\/ -->\n<title>Politique des cookies - DOMINION<\/title>\n<meta name=\"description\" content=\"D\u00e9couvrez les Conditions d&#039;utilisation de Dominion, qui d\u00e9finissent vos droits et responsabilit\u00e9s lors de l&#039;utilisation de notre plateforme.\" \/>\n<meta name=\"robots\" content=\"index, follow, max-snippet:-1, max-image-preview:large, max-video-preview:-1\" \/>\n<link rel=\"canonical\" href=\"https:\/\/dominion-cs.com\/fr\/cookies\/\" \/>\n<meta property=\"og:locale\" content=\"fr_FR\" \/>\n<meta property=\"og:type\" content=\"article\" \/>\n<meta property=\"og:title\" content=\"Politique des cookies - DOMINION\" \/>\n<meta property=\"og:description\" content=\"D\u00e9couvrez les Conditions d&#039;utilisation de Dominion, qui d\u00e9finissent vos droits et responsabilit\u00e9s lors de l&#039;utilisation de notre plateforme.\" \/>\n<meta property=\"og:url\" content=\"https:\/\/dominion-cs.com\/fr\/cookies\/\" \/>\n<meta property=\"og:site_name\" content=\"DOMINION\" \/>\n<meta property=\"article:publisher\" content=\"https:\/\/www.facebook.com\/dominion.cs\" \/>\n<meta property=\"article:modified_time\" content=\"2025-07-22T00:04:52+00:00\" \/>\n<meta property=\"og:image\" content=\"https:\/\/dominion-cs.com\/wp-content\/uploads\/2025\/06\/client-portal-min.jpg\" \/>\n\t<meta property=\"og:image:width\" content=\"2560\" \/>\n\t<meta property=\"og:image:height\" content=\"2233\" \/>\n\t<meta property=\"og:image:type\" content=\"image\/jpeg\" \/>\n<meta name=\"twitter:card\" content=\"summary_large_image\" \/>\n<meta name=\"twitter:site\" content=\"@dominion_cs_\" \/>\n<meta name=\"twitter:label1\" content=\"Dur\u00e9e de lecture estim\u00e9e\" \/>\n\t<meta name=\"twitter:data1\" content=\"2 minutes\" \/>\n<!-- \/ Yoast SEO plugin. -->","yoast_head_json":{"title":"Politique des cookies - DOMINION","description":"D\u00e9couvrez les Conditions d'utilisation de Dominion, qui d\u00e9finissent vos droits et responsabilit\u00e9s lors de l'utilisation de notre plateforme.","robots":{"index":"index","follow":"follow","max-snippet":"max-snippet:-1","max-image-preview":"max-image-preview:large","max-video-preview":"max-video-preview:-1"},"canonical":"https:\/\/dominion-cs.com\/fr\/cookies\/","og_locale":"fr_FR","og_type":"article","og_title":"Politique des cookies - DOMINION","og_description":"D\u00e9couvrez les Conditions d'utilisation de Dominion, qui d\u00e9finissent vos droits et responsabilit\u00e9s lors de l'utilisation de notre plateforme.","og_url":"https:\/\/dominion-cs.com\/fr\/cookies\/","og_site_name":"DOMINION","article_publisher":"https:\/\/www.facebook.com\/dominion.cs","article_modified_time":"2025-07-22T00:04:52+00:00","og_image":[{"width":2560,"height":2233,"url":"https:\/\/dominion-cs.com\/wp-content\/uploads\/2025\/06\/client-portal-min.jpg","type":"image\/jpeg"}],"twitter_card":"summary_large_image","twitter_site":"@dominion_cs_","twitter_misc":{"Dur\u00e9e de lecture estim\u00e9e":"2 minutes"},"schema":{"@context":"https:\/\/schema.org","@graph":[{"@type":"WebPage","@id":"https:\/\/dominion-cs.com\/fr\/cookies\/","url":"https:\/\/dominion-cs.com\/fr\/cookies\/","name":"Politique des cookies - DOMINION","isPartOf":{"@id":"https:\/\/dominion-cs.com\/fr\/#website"},"datePublished":"2025-06-12T19:12:23+00:00","dateModified":"2025-07-22T00:04:52+00:00","description":"D\u00e9couvrez les Conditions d'utilisation de Dominion, qui d\u00e9finissent vos droits et responsabilit\u00e9s lors de l'utilisation de notre plateforme.","breadcrumb":{"@id":"https:\/\/dominion-cs.com\/fr\/cookies\/#breadcrumb"},"inLanguage":"fr-FR","potentialAction":[{"@type":"ReadAction","target":["https:\/\/dominion-cs.com\/fr\/cookies\/"]}]},{"@type":"BreadcrumbList","@id":"https:\/\/dominion-cs.com\/fr\/cookies\/#breadcrumb","itemListElement":[{"@type":"ListItem","position":1,"name":"Home","item":"https:\/\/dominion-cs.com\/fr\/"},{"@type":"ListItem","position":2,"name":"Politique des cookies"}]},{"@type":"WebSite","@id":"https:\/\/dominion-cs.com\/fr\/#website","url":"https:\/\/dominion-cs.com\/fr\/","name":"DOMINION","description":"","publisher":{"@id":"https:\/\/dominion-cs.com\/fr\/#organization"},"potentialAction":[{"@type":"SearchAction","target":{"@type":"EntryPoint","urlTemplate":"https:\/\/dominion-cs.com\/fr\/?s={search_term_string}"},"query-input":{"@type":"PropertyValueSpecification","valueRequired":true,"valueName":"search_term_string"}}],"inLanguage":"fr-FR"},{"@type":"Organization","@id":"https:\/\/dominion-cs.com\/fr\/#organization","name":"DOMINION","url":"https:\/\/dominion-cs.com\/fr\/","logo":{"@type":"ImageObject","inLanguage":"fr-FR","@id":"https:\/\/dominion-cs.com\/fr\/#\/schema\/logo\/image\/","url":"https:\/\/dominion-cs.com\/wp-content\/uploads\/2025\/06\/dominion-black-square-profiles.png","contentUrl":"https:\/\/dominion-cs.com\/wp-content\/uploads\/2025\/06\/dominion-black-square-profiles.png","width":1828,"height":1829,"caption":"DOMINION"},"image":{"@id":"https:\/\/dominion-cs.com\/fr\/#\/schema\/logo\/image\/"},"sameAs":["https:\/\/www.facebook.com\/dominion.cs","https:\/\/x.com\/dominion_cs_"]}]}},"_links":{"self":[{"href":"https:\/\/dominion-cs.com\/fr\/wp-json\/wp\/v2\/pages\/9435","targetHints":{"allow":["GET"]}}],"collection":[{"href":"https:\/\/dominion-cs.com\/fr\/wp-json\/wp\/v2\/pages"}],"about":[{"href":"https:\/\/dominion-cs.com\/fr\/wp-json\/wp\/v2\/types\/page"}],"author":[{"embeddable":true,"href":"https:\/\/dominion-cs.com\/fr\/wp-json\/wp\/v2\/users\/1"}],"replies":[{"embeddable":true,"href":"https:\/\/dominion-cs.com\/fr\/wp-json\/wp\/v2\/comments?post=9435"}],"version-history":[{"count":1,"href":"https:\/\/dominion-cs.com\/fr\/wp-json\/wp\/v2\/pages\/9435\/revisions"}],"predecessor-version":[{"id":9436,"href":"https:\/\/dominion-cs.com\/fr\/wp-json\/wp\/v2\/pages\/9435\/revisions\/9436"}],"wp:attachment":[{"href":"https:\/\/dominion-cs.com\/fr\/wp-json\/wp\/v2\/media?parent=9435"}],"curies":[{"name":"wp","href":"https:\/\/api.w.org\/{rel}","templated":true}]}}