{"id":8445,"date":"2024-09-02T19:52:49","date_gmt":"2024-09-02T19:52:49","guid":{"rendered":"https:\/\/dominion-cs.com\/politica-de-privacidad\/"},"modified":"2025-07-15T12:26:46","modified_gmt":"2025-07-15T12:26:46","slug":"privacy-policy","status":"publish","type":"page","link":"https:\/\/dominion-cs.com\/es\/privacy-policy\/","title":{"rendered":"Pol\u00edtica de privacidad"},"content":{"rendered":"\t\t<div data-elementor-type=\"wp-page\" data-elementor-id=\"8445\" class=\"elementor elementor-8445 elementor-283\" data-elementor-settings=\"{&quot;element_pack_global_tooltip_width&quot;:{&quot;unit&quot;:&quot;px&quot;,&quot;size&quot;:&quot;&quot;,&quot;sizes&quot;:[]},&quot;element_pack_global_tooltip_width_tablet&quot;:{&quot;unit&quot;:&quot;px&quot;,&quot;size&quot;:&quot;&quot;,&quot;sizes&quot;:[]},&quot;element_pack_global_tooltip_width_mobile&quot;:{&quot;unit&quot;:&quot;px&quot;,&quot;size&quot;:&quot;&quot;,&quot;sizes&quot;:[]},&quot;element_pack_global_tooltip_padding&quot;:{&quot;unit&quot;:&quot;px&quot;,&quot;top&quot;:&quot;&quot;,&quot;right&quot;:&quot;&quot;,&quot;bottom&quot;:&quot;&quot;,&quot;left&quot;:&quot;&quot;,&quot;isLinked&quot;:true},&quot;element_pack_global_tooltip_padding_tablet&quot;:{&quot;unit&quot;:&quot;px&quot;,&quot;top&quot;:&quot;&quot;,&quot;right&quot;:&quot;&quot;,&quot;bottom&quot;:&quot;&quot;,&quot;left&quot;:&quot;&quot;,&quot;isLinked&quot;:true},&quot;element_pack_global_tooltip_padding_mobile&quot;:{&quot;unit&quot;:&quot;px&quot;,&quot;top&quot;:&quot;&quot;,&quot;right&quot;:&quot;&quot;,&quot;bottom&quot;:&quot;&quot;,&quot;left&quot;:&quot;&quot;,&quot;isLinked&quot;:true},&quot;element_pack_global_tooltip_border_radius&quot;:{&quot;unit&quot;:&quot;px&quot;,&quot;top&quot;:&quot;&quot;,&quot;right&quot;:&quot;&quot;,&quot;bottom&quot;:&quot;&quot;,&quot;left&quot;:&quot;&quot;,&quot;isLinked&quot;:true},&quot;element_pack_global_tooltip_border_radius_tablet&quot;:{&quot;unit&quot;:&quot;px&quot;,&quot;top&quot;:&quot;&quot;,&quot;right&quot;:&quot;&quot;,&quot;bottom&quot;:&quot;&quot;,&quot;left&quot;:&quot;&quot;,&quot;isLinked&quot;:true},&quot;element_pack_global_tooltip_border_radius_mobile&quot;:{&quot;unit&quot;:&quot;px&quot;,&quot;top&quot;:&quot;&quot;,&quot;right&quot;:&quot;&quot;,&quot;bottom&quot;:&quot;&quot;,&quot;left&quot;:&quot;&quot;,&quot;isLinked&quot;:true}}\">\n\t\t\t\t\t\t<div class=\"elementor-section elementor-top-section elementor-element elementor-element-f56de1b elementor-section-boxed elementor-section-height-default elementor-section-height-default\" data-id=\"f56de1b\" data-element_type=\"section\">\n\t\t\t\t\t\t<div class=\"elementor-container elementor-column-gap-default\">\n\t\t\t\t\t<div class=\"elementor-column elementor-col-100 elementor-top-column elementor-element elementor-element-78c3bc3\" data-id=\"78c3bc3\" data-element_type=\"column\">\n\t\t\t<div class=\"elementor-widget-wrap elementor-element-populated\">\n\t\t\t\t\t\t<div class=\"elementor-element elementor-element-d4dec6b elementor-widget__width-auto animated-fast elementor-invisible bdt-background-overlay-yes elementor-widget elementor-widget-heading\" data-id=\"d4dec6b\" data-element_type=\"widget\" data-settings=\"{&quot;_animation&quot;:&quot;fadeInUp&quot;,&quot;_animation_delay&quot;:600}\" data-widget_type=\"heading.default\">\n\t\t\t\t<div class=\"elementor-widget-container\">\n\t\t\t\t\t<h6 class=\"elementor-heading-title elementor-size-default\">Dominion<\/h6>\t\t\t\t<\/div>\n\t\t\t\t<\/div>\n\t\t\t\t<div class=\"elementor-element elementor-element-7adc61a animated-fast elementor-invisible elementor-widget elementor-widget-heading\" data-id=\"7adc61a\" data-element_type=\"widget\" data-settings=\"{&quot;_animation&quot;:&quot;fadeInUp&quot;,&quot;_animation_delay&quot;:750}\" data-widget_type=\"heading.default\">\n\t\t\t\t<div class=\"elementor-widget-container\">\n\t\t\t\t\t<h1 class=\"elementor-heading-title elementor-size-default\">Pol\u00edtica de privacidad<\/h1>\t\t\t\t<\/div>\n\t\t\t\t<\/div>\n\t\t\t\t<div class=\"elementor-element elementor-element-d53aacf animated-fast elementor-invisible elementor-widget elementor-widget-text-editor\" data-id=\"d53aacf\" data-element_type=\"widget\" data-settings=\"{&quot;_animation&quot;:&quot;fadeInUp&quot;,&quot;_animation_delay&quot;:900}\" data-widget_type=\"text-editor.default\">\n\t\t\t\t<div class=\"elementor-widget-container\">\n\t\t\t\t\t\t\t\t\t<p style=\"text-align: center;\">\u00daltima actualizaci\u00f3n: 12 de junio<sup style=\"color: white;\">\u00ba<\/sup> de 2025.<\/p><p>IMPORTANTE \u2013 LEA DETENIDAMENTE LOS SIGUIENTES T\u00c9RMINOS Y CONDICIONES (\u201cT\u00c9RMINOS\u201d) ANTES DE UTILIZAR LA PLATAFORMA Y EL SERVICIO DE <span style=\"color: #90d977;\"><a style=\"color: #90d977;\" href=\"https:\/\/intercom.help\/dominion-cs\/en\/articles\/WWW.DOMINION-CS.COM\">WWW.DOMINION-CS.COM<\/a><\/span> O SUS SUBDOMINIOS, O NUESTRAS APLICACIONES M\u00d3VILES \u201cDOMINION MOBILE\u201d DISPONIBLES EN APPLE STORE Y GOOGLE PLAY (LA \u201cPLATAFORMA\u201d). AL ACEPTAR ESTOS T\u00c9RMINOS, O AL UTILIZAR LA PLATAFORMA, USTED ACEPTA ESTAR LEGALMENTE VINCULADO POR ESTOS T\u00c9RMINOS Y LOS T\u00c9RMINOS DE USO ADJUNTOS DISPONIBLES EN <span style=\"color: #90d977;\"><a style=\"color: #90d977;\" href=\"https:\/\/intercom.help\/dominion-cs\/en\/articles\/WWW.DOMINION-CS.COM\">WWW.DOMINION-CS.COM<\/a><\/span>. SI NO EST\u00c1 DE ACUERDO CON ESTOS T\u00c9RMINOS, NO SE REGISTRE Y NO UTILICE LA PLATAFORMA. NO SELECCIONE \u201cACEPTO\u201d, NO CONTIN\u00daE CON SU REGISTRO, NI UTILICE LA PLATAFORMA HASTA QUE HAYA LE\u00cdDO DETENIDAMENTE, COMPRENDIDO Y ACEPTADO TODOS ESTOS T\u00c9RMINOS. SI NO EST\u00c1 DE ACUERDO CON TODOS ESTOS T\u00c9RMINOS, NO CONTIN\u00daE CON SU REGISTRO Y NO UTILICE LA PLATAFORMA.    <\/p><p>ADEM\u00c1S, POR LA PRESENTE RENUNCIA A CUALQUIER DERECHO O REQUISITO BAJO CUALQUIER LEY O REGULACI\u00d3N EN CUALQUIER JURISDICCI\u00d3N QUE REQUIERA UNA FIRMA ORIGINAL (NO ELECTR\u00d3NICA) O LA ENTREGA O RETENCI\u00d3N DE REGISTROS NO ELECTR\u00d3NICOS, EN LA MEDIDA PERMITIDA POR LA LEY OBLIGATORIA APLICABLE.<\/p><p><strong>Pol\u00edtica de privacidad y protecci\u00f3n de datos de Dominion Capital Strategies Limited<\/strong><\/p><p>Gracias por visitar <span style=\"color: #90d977;\"><a style=\"color: #90d977;\" href=\"http:\/\/www.dominion-cs.com\/\">www.dominion-cs.com<\/a><\/span> o cualquiera de sus subdominios (junto con todo el contenido de este sitio) (la \u201cPlataforma\u201d) operada por Dominion Capital Strategies Limited. (\u201cDominion\u201d). Su privacidad es importante para nosotros. Para proteger mejor su privacidad, proporcionamos esta pol\u00edtica de privacidad y protecci\u00f3n de datos (\u201cPol\u00edtica de Privacidad\u201d) que explica nuestras pr\u00e1cticas de informaci\u00f3n en l\u00ednea y la forma en que su informaci\u00f3n es recopilada y utilizada en esta Plataforma. Esta Pol\u00edtica de Privacidad forma parte de los <span style=\"color: #90d977;\"><a style=\"color: #90d977;\" href=\"https:\/\/dominion-cs.com\/terms-of-use\/\">T\u00e9rminos de Uso<\/a><\/span>, disponibles en <span style=\"color: #90d977;\"><a style=\"color: #90d977;\" href=\"http:\/\/www.dominion-cs.com\/\">www.dominion-cs.com<\/a><\/span>.    <\/p><p>Al aceptar esta Pol\u00edtica de Privacidad, o al indicarlo por escrito, o al utilizar nuestra Plataforma, usted (\u201cUsted\u201d) acepta estar vinculado por los t\u00e9rminos de esta Pol\u00edtica de Privacidad a partir de dicha fecha. Si Usted no acepta estar vinculado por cualquier t\u00e9rmino de esta Pol\u00edtica de Privacidad, no podr\u00e1 hacer uso de la Plataforma o los Servicios. <\/p><p><strong>Introducci\u00f3n<\/strong><\/p><p>Nos comprometemos a respetar su privacidad en l\u00ednea y reconocemos la necesidad de proteger y gestionar cualquier informaci\u00f3n personal identificable (\u201cInformaci\u00f3n Personal\u201d) que comparta con nosotros.<\/p><p>\u201cInformaci\u00f3n Personal\u201d significa cualquier informaci\u00f3n que pueda utilizarse para identificar a un individuo, incluyendo, pero no limit\u00e1ndose a, un nombre y apellido, perfil personal, informaci\u00f3n financiera, una direcci\u00f3n f\u00edsica o domicilio, una direcci\u00f3n de correo electr\u00f3nico u otra informaci\u00f3n de contacto.<\/p><p>Para utilizar la Plataforma, Usted debe ser: (i) un Cliente de Dominion, (ii) estar autorizado a utilizar la Plataforma por un Cliente de Dominion, (iii) un asesor financiero que haya sido aceptado por Dominion para remitir clientes a Dominion, (iv) estar autorizado a utilizar la Plataforma por un asesor financiero autorizado, (v) personal de Dominion, o (vi) un proveedor de servicios que participe en procesos de back-end o desarrollo, o (vii) un regulador o autoridad v\u00e1lida. Esto requerir\u00e1 que Usted nos proporcione una contrase\u00f1a que utilizar\u00e1 para su uso de la Plataforma y otra informaci\u00f3n espec\u00edfica.        <\/p><p><strong>La forma en que utilizamos la informaci\u00f3n personal<\/strong><\/p><p>La Informaci\u00f3n Personal que nos proporcione se utilizar\u00e1 para contactarle y autenticar su acceso a los servicios de la Plataforma a los que est\u00e1 autorizado a acceder.<\/p><p>Podemos transferir su Informaci\u00f3n Personal a proveedores de servicios externos de Dominion, \u00fanicamente para proporcionarle los servicios de la Plataforma. Exigimos a nuestros proveedores externos que dicha informaci\u00f3n sea procesada de conformidad con esta Pol\u00edtica de Privacidad y las leyes y normas internacionales relevantes de protecci\u00f3n de datos. Dominion no contratar\u00e1 a terceros que no cumplan con nuestros requisitos de privacidad de datos.  <\/p><p>No compartimos, vendemos ni distribuimos Su Informaci\u00f3n Personal con terceros no relacionados, y solo divulgaremos Su Informaci\u00f3n Personal si tenemos la convicci\u00f3n de buena fe de que la divulgaci\u00f3n de dicha informaci\u00f3n es considerada por Dominion como razonablemente necesaria para i) cumplir con cualquier ley, regulaci\u00f3n, proceso legal o solicitud gubernamental aplicable, ii) hacer cumplir nuestros T\u00e9rminos de Uso, incluyendo investigaciones de posibles violaciones de los mismos, iii) detectar, prevenir o abordar de otra manera fraudes, problemas de seguridad o t\u00e9cnicos, o iv) proteger contra da\u00f1os a los derechos, propiedad o seguridad de Dominion, la Plataforma, sus usuarios, Usted mismo o el p\u00fablico.    <\/p><p><strong>Base legal para el procesamiento<\/strong><\/p><p>Procesamos sus datos personales bajo las siguientes bases legales:<\/p><ul><li>Ejecuci\u00f3n de un contrato (por ejemplo, para acceso a la cuenta o servicios)<\/li><li>Cumplimiento de obligaciones legales (por ejemplo, regulaciones contra el lavado de dinero)<\/li><li>Intereses leg\u00edtimos (por ejemplo, mejoras de la plataforma, prevenci\u00f3n de fraudes)<\/li><li>Consentimiento (por ejemplo, comunicaciones de marketing o cookies)<\/li><\/ul><p><strong>Cookies y otras tecnolog\u00edas de seguimiento<\/strong><\/p><p>Algunas de las p\u00e1ginas de nuestra Plataforma utilizan \u201ccookies\u201d y otras tecnolog\u00edas de seguimiento. Una \u201ccookie\u201d es un peque\u00f1o archivo de texto que puede utilizarse, por ejemplo, para recopilar informaci\u00f3n sobre la actividad de la Plataforma. Algunas cookies y otras tecnolog\u00edas pueden servir para recordar la Informaci\u00f3n Personal previamente indicada por un usuario de la Plataforma. La mayor\u00eda de los navegadores le permiten controlar las cookies, incluyendo si aceptarlas o no y c\u00f3mo eliminarlas.   <\/p><p>Puede configurar la mayor\u00eda de los navegadores para que le notifiquen si recibe una cookie, o puede optar por bloquear las cookies con su navegador. Tenga en cuenta que si elige borrar o bloquear sus cookies, deber\u00e1 volver a ingresar cierta informaci\u00f3n de identificaci\u00f3n para acceder a ciertas partes de la Plataforma. <\/p><p>Las tecnolog\u00edas de seguimiento pueden registrar informaci\u00f3n como nombres de dominio e host de Internet; direcciones de protocolo de Internet (IP); tipos de software de navegador y plataforma operativa; patrones de flujo de clics; y fechas y horas en que se accede a nuestra Plataforma. Nuestro uso de cookies y otras tecnolog\u00edas de seguimiento nos permite mejorar nuestra Plataforma y su experiencia web. <\/p><p>Utilizamos cookies para mejorar su experiencia. Puede controlar la configuraci\u00f3n de cookies y encontrar m\u00e1s informaci\u00f3n en nuestra <span style=\"color: #90d977;\"><a style=\"color: #90d977;\" href=\"https:\/\/dominion-cs.com\/es\/politica-de-cookies\/\" target=\"_blank\" rel=\"noopener\">Pol\u00edtica de Cookies<\/a><\/span>. <\/p><p><strong>Acceso\/precisi\u00f3n<\/strong><\/p><p>En la medida en que nos proporcione Informaci\u00f3n Personal, Dominion desea mantener la Informaci\u00f3n Personal precisa. Puede verificar su perfil y agregar\/eliminar informaci\u00f3n o corregir cualquier informaci\u00f3n incorrecta. <\/p><p><strong>En caso de fusi\u00f3n, venta o quiebra<\/strong><\/p><p>En caso de que Dominion sea adquirida por o se fusione con una entidad tercera, nos reservamos el derecho, en cualquiera de estas circunstancias, de transferir o asignar la informaci\u00f3n que hemos recopilado de nuestros usuarios como parte de dicha fusi\u00f3n, adquisici\u00f3n, venta u otro cambio de control, pero solo de acuerdo con los t\u00e9rminos de esta Pol\u00edtica.<\/p><p><strong>Compromiso<\/strong><\/p><p>Estamos comprometidos a proteger su privacidad. La protecci\u00f3n de su privacidad en l\u00ednea es un \u00e1rea en evoluci\u00f3n, y los sitios de Dominion est\u00e1n en constante evoluci\u00f3n para satisfacer estas demandas. Si tiene alg\u00fan comentario o pregunta con respecto a nuestra Pol\u00edtica de Privacidad, por favor cont\u00e1ctenos en <span style=\"color: #90d977;\"><a style=\"color: #90d977;\" href=\"mailto:legal@dominion-cs.com\">legal@dominion-cs.com<\/a><\/span>. Abordaremos cualquier problema lo mejor posible tan pronto como sea posible.  <\/p><p><strong>Seguridad<\/strong><\/p><p>Proporcionar seguridad para la informaci\u00f3n, incluida la informaci\u00f3n de identificaci\u00f3n personal que env\u00eda a trav\u00e9s de nuestra Plataforma, es una prioridad para Dominion. Tomamos medidas de seguridad apropiadas para proteger contra el acceso no autorizado; o la alteraci\u00f3n, divulgaci\u00f3n o destrucci\u00f3n no autorizada; de su informaci\u00f3n de identificaci\u00f3n personal. Implementamos medidas t\u00e9cnicas y organizativas para proteger sus datos, incluyendo:  <\/p><ul><li>Cifrado de datos en tr\u00e1nsito y en reposo<\/li><li>Controles de acceso estrictos basados en roles<\/li><li>Pruebas de penetraci\u00f3n y escaneos de vulnerabilidades regulares<\/li><li>Procedimientos de respuesta a incidentes para abordar brechas de datos<\/li><\/ul><p><strong>Protecci\u00f3n de datos<\/strong><\/p><ol><li>Con respecto a cualquier dato proporcionado por Usted, Usted garantiza y procurar\u00e1 que Usted y\/o Sus Usuarios: (a) tengan todos los registros, consentimientos o autorizaciones necesarios seg\u00fan la ley aplicable para permitir que Dominion o cualquier proveedor externo almacene y procese los datos con el fin de cumplir con las obligaciones de Dominion bajo este Acuerdo; (b) cumplan y contin\u00faen cumpliendo con cualquier regulaci\u00f3n, directriz y c\u00f3digo de pr\u00e1ctica relevante relacionado con la protecci\u00f3n de datos; y (c) proporcionen a Dominion las correcciones o cambios necesarios en los datos de vez en cuando; (d) informen a Dominion cuando el Cliente o los Usuarios ya no cumplan con las disposiciones de protecci\u00f3n de datos de este Acuerdo; (e) aseguren que los datos proporcionados sean correctos en la medida de lo razonablemente posible;     <\/li><li>Que Usted y\/o Sus usuarios hayan obtenido previamente los consentimientos necesarios para permitir a Dominion revelar los datos a Usted;<\/li><li>Cuando Usted y\/o Sus usuarios suministren datos a Dominion, Dominion: (a) asegurar\u00e1 que dichos datos se utilicen \u00fanicamente para los fines autorizados por el Cliente o permitidos bajo las leyes y regulaciones de protecci\u00f3n de datos relevantes, o bajo el Acuerdo; (b) notificar\u00e1 sin demora al Cliente de cualquier solicitud que Dominion reciba de los sujetos de datos para acceder o rectificar dichos datos o cualquier correspondencia con los comisionados de informaci\u00f3n relevantes relacionada con los datos; (c) mantendr\u00e1 cualquier dato como un \u00abprocesador de datos\u00bb y el Cliente y sus Usuarios por la presente reconocen y consienten ese rol.   <\/li><\/ol><p><strong>Datos Anonimizados y Metadatos<\/strong><\/p><p>Dominion utiliza la informaci\u00f3n no personalmente identificable obtenida de la Plataforma para proporcionar a los usuarios un servicio mejorado, para comprender mejor el uso de nuestros servicios y para crear informes que podemos proporcionar a los usuarios, terceros y\/o al p\u00fablico en general a nuestra discreci\u00f3n. La informaci\u00f3n recopilada es informaci\u00f3n estad\u00edstica no personal (\u201cDatos Anonimizados\u201d). Al aceptar esta Pol\u00edtica, Usted est\u00e1 proporcionando y\/o procurar\u00e1 de sus Usuarios el consentimiento para que Dominion utilice dicha informaci\u00f3n de la manera descrita aqu\u00ed y de acuerdo con esta Pol\u00edtica y los t\u00e9rminos de los Acuerdos relevantes. Usted garantiza que dicho procesamiento por parte de Dominion est\u00e1 de acuerdo con Sus obligaciones bajo las leyes y regulaciones de protecci\u00f3n de datos pertinentes.   <\/p><p><strong>Transferencia de datos al extranjero<\/strong><\/p><p>Por supuesto, Internet est\u00e1 compuesto por un gran n\u00famero de conexiones internacionales y las diversas comunicaciones resultar\u00e1n necesariamente en la transferencia de informaci\u00f3n a trav\u00e9s de fronteras internacionales. Cualquier Informaci\u00f3n Personal recopilada de o sobre usuarios en relaci\u00f3n con la Plataforma, o de otra manera bajo estos T\u00e9rminos, ser\u00e1 mantenida y procesada por Dominion o una parte que act\u00fae en su nombre. Cuando transferimos sus datos personales fuera del Espacio Econ\u00f3mico Europeo (EEE), garantizamos salvaguardias apropiadas tales como:  <\/p><ul><li>Cl\u00e1usulas Contractuales Est\u00e1ndar (CCE) aprobadas por la Comisi\u00f3n Europea<\/li><li>Transferencias a pa\u00edses con decisiones de adecuaci\u00f3n de la Comisi\u00f3n Europea<\/li><li>Normas Corporativas Vinculantes (NCV), cuando sean aplicables<\/li><\/ul><p>Se puede solicitar una copia de estas salvaguardias contactando a <span style=\"color: #90d977;\"><a style=\"color: #90d977;\" href=\"mailto:legal@dominion-cs.com\">legal@dominion-cs.com<\/a><\/span>. Su consentimiento y el del Cliente de Dominion a estos T\u00e9rminos y su uso continuado de la Plataforma constituyen Su entendimiento y acuerdo expreso de que cuando se proporciona Informaci\u00f3n Personal a Dominion, dichos datos ser\u00e1n procesados en una variedad de jurisdicciones.<\/p><p><strong>Retenci\u00f3n de datos<\/strong><\/p><p>Conservamos sus datos personales solo durante el tiempo necesario para cumplir los fines para los que fueron recopilados. Esto incluye requisitos legales, contables y de informes. Cuando ya no se requieren, los datos se eliminan o anonimizan de manera segura.  <\/p><p><strong>Sus derechos bajo el RGPD<\/strong><\/p><p>Como sujeto de datos, usted tiene derecho a:<\/p><ul><li>Acceder a sus datos personales<\/li><li>Solicitar rectificaci\u00f3n o eliminaci\u00f3n<\/li><li>Restringir u oponerse al procesamiento<\/li><li>Portabilidad de datos<\/li><li>Retirar el consentimiento en cualquier momento (cuando el consentimiento es la base)<\/li><li>Presentar una queja ante una autoridad supervisora<\/li><\/ul><p>Puede ejercer estos derechos contactando a nuestro Delegado de Protecci\u00f3n de Datos.<\/p><p><strong>Informaci\u00f3n general<\/strong><\/p><p>Para cualquier pregunta sobre protecci\u00f3n de datos, por favor contacte a nuestro Delegado de Protecci\u00f3n de Datos en <a href=\"mailto:dpo@dominion-cs.com\"><span style=\"color: #90d977;\">dpo@dominion-cs.com<\/span><\/a><\/p>\t\t\t\t\t\t\t\t<\/div>\n\t\t\t\t<\/div>\n\t\t\t\t\t<\/div>\n\t\t<\/div>\n\t\t\t\t\t<\/div>\n\t\t<\/div>\n\t\t\t\t<\/div>\n\t\t","protected":false},"excerpt":{"rendered":"<p>Dominion Pol\u00edtica de privacidad \u00daltima actualizaci\u00f3n: 12 de junio\u00ba de 2025. IMPORTANTE [&hellip;]<\/p>\n","protected":false},"author":1,"featured_media":0,"parent":0,"menu_order":0,"comment_status":"closed","ping_status":"closed","template":"","meta":{"footnotes":""},"class_list":["post-8445","page","type-page","status-publish","hentry"],"yoast_head":"<!-- This site is optimized with the Yoast SEO plugin v26.0 - https:\/\/yoast.com\/wordpress\/plugins\/seo\/ -->\n<title>Pol\u00edtica de privacidad - DOMINION<\/title>\n<meta name=\"description\" content=\"Revise la Pol\u00edtica de Privacidad de Dominion para comprender c\u00f3mo protegemos sus datos y garantizamos la confidencialidad.\" \/>\n<meta name=\"robots\" content=\"index, follow, max-snippet:-1, max-image-preview:large, max-video-preview:-1\" \/>\n<link rel=\"canonical\" href=\"https:\/\/dominion-cs.com\/es\/privacy-policy\/\" \/>\n<meta property=\"og:locale\" content=\"es_ES\" \/>\n<meta property=\"og:type\" content=\"article\" \/>\n<meta property=\"og:title\" content=\"Pol\u00edtica de privacidad - DOMINION\" \/>\n<meta property=\"og:description\" content=\"Revise la Pol\u00edtica de Privacidad de Dominion para comprender c\u00f3mo protegemos sus datos y garantizamos la confidencialidad.\" \/>\n<meta property=\"og:url\" content=\"https:\/\/dominion-cs.com\/es\/privacy-policy\/\" \/>\n<meta property=\"og:site_name\" content=\"DOMINION\" \/>\n<meta property=\"article:publisher\" content=\"https:\/\/www.facebook.com\/dominion.cs\" \/>\n<meta property=\"article:modified_time\" content=\"2025-07-15T12:26:46+00:00\" \/>\n<meta property=\"og:image\" content=\"https:\/\/dominion-cs.com\/wp-content\/uploads\/2025\/06\/client-portal-min.jpg\" \/>\n\t<meta property=\"og:image:width\" content=\"2560\" \/>\n\t<meta property=\"og:image:height\" content=\"2233\" \/>\n\t<meta property=\"og:image:type\" content=\"image\/jpeg\" \/>\n<meta name=\"twitter:card\" content=\"summary_large_image\" \/>\n<meta name=\"twitter:site\" content=\"@dominion_cs_\" \/>\n<meta name=\"twitter:label1\" content=\"Tiempo de lectura\" \/>\n\t<meta name=\"twitter:data1\" content=\"9 minutos\" \/>\n<!-- \/ Yoast SEO plugin. -->","yoast_head_json":{"title":"Pol\u00edtica de privacidad - DOMINION","description":"Revise la Pol\u00edtica de Privacidad de Dominion para comprender c\u00f3mo protegemos sus datos y garantizamos la confidencialidad.","robots":{"index":"index","follow":"follow","max-snippet":"max-snippet:-1","max-image-preview":"max-image-preview:large","max-video-preview":"max-video-preview:-1"},"canonical":"https:\/\/dominion-cs.com\/es\/privacy-policy\/","og_locale":"es_ES","og_type":"article","og_title":"Pol\u00edtica de privacidad - DOMINION","og_description":"Revise la Pol\u00edtica de Privacidad de Dominion para comprender c\u00f3mo protegemos sus datos y garantizamos la confidencialidad.","og_url":"https:\/\/dominion-cs.com\/es\/privacy-policy\/","og_site_name":"DOMINION","article_publisher":"https:\/\/www.facebook.com\/dominion.cs","article_modified_time":"2025-07-15T12:26:46+00:00","og_image":[{"width":2560,"height":2233,"url":"https:\/\/dominion-cs.com\/wp-content\/uploads\/2025\/06\/client-portal-min.jpg","type":"image\/jpeg"}],"twitter_card":"summary_large_image","twitter_site":"@dominion_cs_","twitter_misc":{"Tiempo de lectura":"9 minutos"},"schema":{"@context":"https:\/\/schema.org","@graph":[{"@type":"WebPage","@id":"https:\/\/dominion-cs.com\/es\/privacy-policy\/","url":"https:\/\/dominion-cs.com\/es\/privacy-policy\/","name":"Pol\u00edtica de privacidad - DOMINION","isPartOf":{"@id":"https:\/\/dominion-cs.com\/es\/#website"},"datePublished":"2024-09-02T19:52:49+00:00","dateModified":"2025-07-15T12:26:46+00:00","description":"Revise la Pol\u00edtica de Privacidad de Dominion para comprender c\u00f3mo protegemos sus datos y garantizamos la confidencialidad.","breadcrumb":{"@id":"https:\/\/dominion-cs.com\/es\/privacy-policy\/#breadcrumb"},"inLanguage":"es","potentialAction":[{"@type":"ReadAction","target":["https:\/\/dominion-cs.com\/es\/privacy-policy\/"]}]},{"@type":"BreadcrumbList","@id":"https:\/\/dominion-cs.com\/es\/privacy-policy\/#breadcrumb","itemListElement":[{"@type":"ListItem","position":1,"name":"Home","item":"https:\/\/dominion-cs.com\/es\/"},{"@type":"ListItem","position":2,"name":"Pol\u00edtica de privacidad"}]},{"@type":"WebSite","@id":"https:\/\/dominion-cs.com\/es\/#website","url":"https:\/\/dominion-cs.com\/es\/","name":"DOMINION","description":"","publisher":{"@id":"https:\/\/dominion-cs.com\/es\/#organization"},"potentialAction":[{"@type":"SearchAction","target":{"@type":"EntryPoint","urlTemplate":"https:\/\/dominion-cs.com\/es\/?s={search_term_string}"},"query-input":{"@type":"PropertyValueSpecification","valueRequired":true,"valueName":"search_term_string"}}],"inLanguage":"es"},{"@type":"Organization","@id":"https:\/\/dominion-cs.com\/es\/#organization","name":"DOMINION","url":"https:\/\/dominion-cs.com\/es\/","logo":{"@type":"ImageObject","inLanguage":"es","@id":"https:\/\/dominion-cs.com\/es\/#\/schema\/logo\/image\/","url":"https:\/\/dominion-cs.com\/wp-content\/uploads\/2025\/06\/dominion-black-square-profiles.png","contentUrl":"https:\/\/dominion-cs.com\/wp-content\/uploads\/2025\/06\/dominion-black-square-profiles.png","width":1828,"height":1829,"caption":"DOMINION"},"image":{"@id":"https:\/\/dominion-cs.com\/es\/#\/schema\/logo\/image\/"},"sameAs":["https:\/\/www.facebook.com\/dominion.cs","https:\/\/x.com\/dominion_cs_"]}]}},"_links":{"self":[{"href":"https:\/\/dominion-cs.com\/es\/wp-json\/wp\/v2\/pages\/8445","targetHints":{"allow":["GET"]}}],"collection":[{"href":"https:\/\/dominion-cs.com\/es\/wp-json\/wp\/v2\/pages"}],"about":[{"href":"https:\/\/dominion-cs.com\/es\/wp-json\/wp\/v2\/types\/page"}],"author":[{"embeddable":true,"href":"https:\/\/dominion-cs.com\/es\/wp-json\/wp\/v2\/users\/1"}],"replies":[{"embeddable":true,"href":"https:\/\/dominion-cs.com\/es\/wp-json\/wp\/v2\/comments?post=8445"}],"version-history":[{"count":5,"href":"https:\/\/dominion-cs.com\/es\/wp-json\/wp\/v2\/pages\/8445\/revisions"}],"predecessor-version":[{"id":8464,"href":"https:\/\/dominion-cs.com\/es\/wp-json\/wp\/v2\/pages\/8445\/revisions\/8464"}],"wp:attachment":[{"href":"https:\/\/dominion-cs.com\/es\/wp-json\/wp\/v2\/media?parent=8445"}],"curies":[{"name":"wp","href":"https:\/\/api.w.org\/{rel}","templated":true}]}}