{"id":8441,"date":"2025-06-12T19:12:23","date_gmt":"2025-06-12T19:12:23","guid":{"rendered":"https:\/\/dominion-cs.com\/politica-de-cookies\/"},"modified":"2025-06-20T00:37:50","modified_gmt":"2025-06-20T00:37:50","slug":"politica-de-cookies","status":"publish","type":"page","link":"https:\/\/dominion-cs.com\/es\/politica-de-cookies\/","title":{"rendered":"Pol\u00edtica de cookies"},"content":{"rendered":"\t\t<div data-elementor-type=\"wp-page\" data-elementor-id=\"8441\" class=\"elementor elementor-8441 elementor-7222\" data-elementor-settings=\"{&quot;element_pack_global_tooltip_width&quot;:{&quot;unit&quot;:&quot;px&quot;,&quot;size&quot;:&quot;&quot;,&quot;sizes&quot;:[]},&quot;element_pack_global_tooltip_width_tablet&quot;:{&quot;unit&quot;:&quot;px&quot;,&quot;size&quot;:&quot;&quot;,&quot;sizes&quot;:[]},&quot;element_pack_global_tooltip_width_mobile&quot;:{&quot;unit&quot;:&quot;px&quot;,&quot;size&quot;:&quot;&quot;,&quot;sizes&quot;:[]},&quot;element_pack_global_tooltip_padding&quot;:{&quot;unit&quot;:&quot;px&quot;,&quot;top&quot;:&quot;&quot;,&quot;right&quot;:&quot;&quot;,&quot;bottom&quot;:&quot;&quot;,&quot;left&quot;:&quot;&quot;,&quot;isLinked&quot;:true},&quot;element_pack_global_tooltip_padding_tablet&quot;:{&quot;unit&quot;:&quot;px&quot;,&quot;top&quot;:&quot;&quot;,&quot;right&quot;:&quot;&quot;,&quot;bottom&quot;:&quot;&quot;,&quot;left&quot;:&quot;&quot;,&quot;isLinked&quot;:true},&quot;element_pack_global_tooltip_padding_mobile&quot;:{&quot;unit&quot;:&quot;px&quot;,&quot;top&quot;:&quot;&quot;,&quot;right&quot;:&quot;&quot;,&quot;bottom&quot;:&quot;&quot;,&quot;left&quot;:&quot;&quot;,&quot;isLinked&quot;:true},&quot;element_pack_global_tooltip_border_radius&quot;:{&quot;unit&quot;:&quot;px&quot;,&quot;top&quot;:&quot;&quot;,&quot;right&quot;:&quot;&quot;,&quot;bottom&quot;:&quot;&quot;,&quot;left&quot;:&quot;&quot;,&quot;isLinked&quot;:true},&quot;element_pack_global_tooltip_border_radius_tablet&quot;:{&quot;unit&quot;:&quot;px&quot;,&quot;top&quot;:&quot;&quot;,&quot;right&quot;:&quot;&quot;,&quot;bottom&quot;:&quot;&quot;,&quot;left&quot;:&quot;&quot;,&quot;isLinked&quot;:true},&quot;element_pack_global_tooltip_border_radius_mobile&quot;:{&quot;unit&quot;:&quot;px&quot;,&quot;top&quot;:&quot;&quot;,&quot;right&quot;:&quot;&quot;,&quot;bottom&quot;:&quot;&quot;,&quot;left&quot;:&quot;&quot;,&quot;isLinked&quot;:true}}\">\n\t\t\t\t\t\t<div class=\"elementor-section elementor-top-section elementor-element elementor-element-f56de1b elementor-section-boxed elementor-section-height-default elementor-section-height-default\" data-id=\"f56de1b\" data-element_type=\"section\">\n\t\t\t\t\t\t<div class=\"elementor-container elementor-column-gap-default\">\n\t\t\t\t\t<div class=\"elementor-column elementor-col-100 elementor-top-column elementor-element elementor-element-78c3bc3\" data-id=\"78c3bc3\" data-element_type=\"column\">\n\t\t\t<div class=\"elementor-widget-wrap elementor-element-populated\">\n\t\t\t\t\t\t<div class=\"elementor-element elementor-element-d4dec6b elementor-widget__width-auto animated-fast elementor-invisible bdt-background-overlay-yes elementor-widget elementor-widget-heading\" data-id=\"d4dec6b\" data-element_type=\"widget\" data-settings=\"{&quot;_animation&quot;:&quot;fadeInUp&quot;,&quot;_animation_delay&quot;:600}\" data-widget_type=\"heading.default\">\n\t\t\t\t<div class=\"elementor-widget-container\">\n\t\t\t\t\t<h6 class=\"elementor-heading-title elementor-size-default\">Dominion<\/h6>\t\t\t\t<\/div>\n\t\t\t\t<\/div>\n\t\t\t\t<div class=\"elementor-element elementor-element-7adc61a animated-fast elementor-invisible elementor-widget elementor-widget-heading\" data-id=\"7adc61a\" data-element_type=\"widget\" data-settings=\"{&quot;_animation&quot;:&quot;fadeInUp&quot;,&quot;_animation_delay&quot;:750}\" data-widget_type=\"heading.default\">\n\t\t\t\t<div class=\"elementor-widget-container\">\n\t\t\t\t\t<h1 class=\"elementor-heading-title elementor-size-default\">Pol\u00edtica de cookies<\/h1>\t\t\t\t<\/div>\n\t\t\t\t<\/div>\n\t\t\t\t<div class=\"elementor-element elementor-element-d53aacf animated-fast elementor-invisible elementor-widget elementor-widget-text-editor\" data-id=\"d53aacf\" data-element_type=\"widget\" data-settings=\"{&quot;_animation&quot;:&quot;fadeInUp&quot;,&quot;_animation_delay&quot;:900}\" data-widget_type=\"text-editor.default\">\n\t\t\t\t<div class=\"elementor-widget-container\">\n\t\t\t\t\t\t\t\t\t<p style=\"text-align: center;\">\u00daltima actualizaci\u00f3n: 12-Jun-2025<\/p><h5>\u00bfQu\u00e9 son las cookies?<\/h5><div class=\"cookie-policy-p\"><p>Esta Pol\u00edtica de Cookies explica qu\u00e9 son las cookies y c\u00f3mo las utilizamos, los tipos de cookies que empleamos, es decir, la informaci\u00f3n que recopilamos mediante cookies y c\u00f3mo se utiliza dicha informaci\u00f3n, as\u00ed como la forma de gestionar la configuraci\u00f3n de las cookies.<\/p><p>Las cookies son peque\u00f1os archivos de texto que se utilizan para almacenar peque\u00f1as piezas de informaci\u00f3n. Se almacenan en su dispositivo cuando el sitio web se carga en su navegador. Estas cookies nos ayudan a hacer que el sitio web funcione correctamente, lo hagan m\u00e1s seguro, proporcionen una mejor experiencia de usuario y nos permitan entender c\u00f3mo se desempe\u00f1a el sitio web y analizar qu\u00e9 funciona y d\u00f3nde necesita mejoras.  <\/p><\/div><h5>\u00bfC\u00f3mo utilizamos las cookies?<\/h5><div class=\"cookie-policy-p\"><p>Como la mayor\u00eda de los servicios en l\u00ednea, nuestro sitio web utiliza cookies propias y de terceros para varios prop\u00f3sitos. Las cookies propias son en su mayor\u00eda necesarias para que el sitio web funcione correctamente y no recopilan ninguno de sus datos de identificaci\u00f3n personal. <\/p><p>Las cookies de terceros utilizadas en nuestro sitio web sirven principalmente para comprender c\u00f3mo se desempe\u00f1a el sitio web, c\u00f3mo interact\u00faa usted con nuestro sitio web, mantener nuestros servicios seguros, proporcionar anuncios que sean relevantes para usted y, en general, brindarle una experiencia de usuario mejorada y ayudar a acelerar sus futuras interacciones con nuestro sitio web.<\/p><\/div><h5>Tipos de cookies que utilizamos<\/h5><div class=\"cky-audit-table-element\"> <\/div><h5 style=\"margin-bottom: 20px;\">Gestionar preferencias de cookies<\/h5><p><button class=\"cky-banner-element elementor-button elementor-button-link elementor-size-sm\" style=\"cursor: pointer;\">Configuraci\u00f3n de cookies<\/button><\/p><div style=\"text-align: left; margin-top: 30px;\"><p>Puede cambiar sus preferencias de cookies en cualquier momento haciendo clic en el bot\u00f3n superior. Esto le permitir\u00e1 revisar el banner de consentimiento de cookies y cambiar sus preferencias o retirar su consentimiento de inmediato. <\/p><p>Adem\u00e1s de esto, diferentes navegadores proporcionan distintos m\u00e9todos para bloquear y eliminar las cookies utilizadas por los sitios web. Puede cambiar la configuraci\u00f3n de su navegador para bloquear\/eliminar las cookies. A continuaci\u00f3n, se enumeran los enlaces a los documentos de soporte sobre c\u00f3mo gestionar y eliminar cookies de los principales navegadores web.  <\/p><p><a href=\"https:\/\/support.google.com\/accounts\/answer\/32050\" target=\"_blank\" rel=\"noopener\"><span style=\"color: #90d977;\">Chrome<\/span><\/a><\/p><p><a href=\"https:\/\/support.apple.com\/en-in\/guide\/safari\/sfri11471\/mac\" target=\"_blank\" rel=\"noopener\"><span style=\"color: #90d977;\">Safari<\/span><\/a><\/p><p><a href=\"https:\/\/support.mozilla.org\/en-US\/kb\/clear-cookies-and-site-data-firefox?redirectslug=delete-cookies-remove-info-websites-stored&amp;redirectlocale=en-US\" target=\"_blank\" rel=\"noopener\"><span style=\"color: #90d977;\">Firefox<\/span><\/a><\/p><p><span style=\"color: #90d977;\"><a style=\"color: #90d977;\" href=\"https:\/\/support.microsoft.com\/en-us\/topic\/how-to-delete-cookie-files-in-internet-explorer-bca9446f-d873-78de-77ba-d42645fa52fc\" target=\"_blank\" rel=\"noopener\">Internet Explorer<\/a><\/span><\/p><p>Si est\u00e1 utilizando cualquier otro navegador web, por favor visite los documentos oficiales de soporte de su navegador.<\/p><\/div>\t\t\t\t\t\t\t\t<\/div>\n\t\t\t\t<\/div>\n\t\t\t\t\t<\/div>\n\t\t<\/div>\n\t\t\t\t\t<\/div>\n\t\t<\/div>\n\t\t\t\t<\/div>\n\t\t","protected":false},"excerpt":{"rendered":"<p>Dominion Pol\u00edtica de cookies \u00daltima actualizaci\u00f3n: 12-Jun-2025 \u00bfQu\u00e9 son las cookies? Esta [&hellip;]<\/p>\n","protected":false},"author":1,"featured_media":0,"parent":0,"menu_order":0,"comment_status":"closed","ping_status":"closed","template":"","meta":{"footnotes":""},"class_list":["post-8441","page","type-page","status-publish","hentry"],"yoast_head":"<!-- This site is optimized with the Yoast SEO plugin v26.0 - https:\/\/yoast.com\/wordpress\/plugins\/seo\/ -->\n<title>Pol\u00edtica de cookies - DOMINION<\/title>\n<meta name=\"description\" content=\"Explore los T\u00e9rminos de Uso de Dominion, que detallan sus derechos y responsabilidades al utilizar nuestra plataforma.\" \/>\n<meta name=\"robots\" content=\"index, follow, max-snippet:-1, max-image-preview:large, max-video-preview:-1\" \/>\n<link rel=\"canonical\" href=\"https:\/\/dominion-cs.com\/es\/politica-de-cookies\/\" \/>\n<meta property=\"og:locale\" content=\"es_ES\" \/>\n<meta property=\"og:type\" content=\"article\" \/>\n<meta property=\"og:title\" content=\"Pol\u00edtica de cookies - DOMINION\" \/>\n<meta property=\"og:description\" content=\"Explore los T\u00e9rminos de Uso de Dominion, que detallan sus derechos y responsabilidades al utilizar nuestra plataforma.\" \/>\n<meta property=\"og:url\" content=\"https:\/\/dominion-cs.com\/es\/politica-de-cookies\/\" \/>\n<meta property=\"og:site_name\" content=\"DOMINION\" \/>\n<meta property=\"article:publisher\" content=\"https:\/\/www.facebook.com\/dominion.cs\" \/>\n<meta property=\"article:modified_time\" content=\"2025-06-20T00:37:50+00:00\" \/>\n<meta property=\"og:image\" content=\"https:\/\/dominion-cs.com\/wp-content\/uploads\/2025\/06\/client-portal-min.jpg\" \/>\n\t<meta property=\"og:image:width\" content=\"2560\" \/>\n\t<meta property=\"og:image:height\" content=\"2233\" \/>\n\t<meta property=\"og:image:type\" content=\"image\/jpeg\" \/>\n<meta name=\"twitter:card\" content=\"summary_large_image\" \/>\n<meta name=\"twitter:site\" content=\"@dominion_cs_\" \/>\n<meta name=\"twitter:label1\" content=\"Tiempo de lectura\" \/>\n\t<meta name=\"twitter:data1\" content=\"2 minutos\" \/>\n<!-- \/ Yoast SEO plugin. -->","yoast_head_json":{"title":"Pol\u00edtica de cookies - DOMINION","description":"Explore los T\u00e9rminos de Uso de Dominion, que detallan sus derechos y responsabilidades al utilizar nuestra plataforma.","robots":{"index":"index","follow":"follow","max-snippet":"max-snippet:-1","max-image-preview":"max-image-preview:large","max-video-preview":"max-video-preview:-1"},"canonical":"https:\/\/dominion-cs.com\/es\/politica-de-cookies\/","og_locale":"es_ES","og_type":"article","og_title":"Pol\u00edtica de cookies - DOMINION","og_description":"Explore los T\u00e9rminos de Uso de Dominion, que detallan sus derechos y responsabilidades al utilizar nuestra plataforma.","og_url":"https:\/\/dominion-cs.com\/es\/politica-de-cookies\/","og_site_name":"DOMINION","article_publisher":"https:\/\/www.facebook.com\/dominion.cs","article_modified_time":"2025-06-20T00:37:50+00:00","og_image":[{"width":2560,"height":2233,"url":"https:\/\/dominion-cs.com\/wp-content\/uploads\/2025\/06\/client-portal-min.jpg","type":"image\/jpeg"}],"twitter_card":"summary_large_image","twitter_site":"@dominion_cs_","twitter_misc":{"Tiempo de lectura":"2 minutos"},"schema":{"@context":"https:\/\/schema.org","@graph":[{"@type":"WebPage","@id":"https:\/\/dominion-cs.com\/es\/politica-de-cookies\/","url":"https:\/\/dominion-cs.com\/es\/politica-de-cookies\/","name":"Pol\u00edtica de cookies - DOMINION","isPartOf":{"@id":"https:\/\/dominion-cs.com\/es\/#website"},"datePublished":"2025-06-12T19:12:23+00:00","dateModified":"2025-06-20T00:37:50+00:00","description":"Explore los T\u00e9rminos de Uso de Dominion, que detallan sus derechos y responsabilidades al utilizar nuestra plataforma.","breadcrumb":{"@id":"https:\/\/dominion-cs.com\/es\/politica-de-cookies\/#breadcrumb"},"inLanguage":"es","potentialAction":[{"@type":"ReadAction","target":["https:\/\/dominion-cs.com\/es\/politica-de-cookies\/"]}]},{"@type":"BreadcrumbList","@id":"https:\/\/dominion-cs.com\/es\/politica-de-cookies\/#breadcrumb","itemListElement":[{"@type":"ListItem","position":1,"name":"Home","item":"https:\/\/dominion-cs.com\/es\/"},{"@type":"ListItem","position":2,"name":"Pol\u00edtica de cookies"}]},{"@type":"WebSite","@id":"https:\/\/dominion-cs.com\/es\/#website","url":"https:\/\/dominion-cs.com\/es\/","name":"DOMINION","description":"","publisher":{"@id":"https:\/\/dominion-cs.com\/es\/#organization"},"potentialAction":[{"@type":"SearchAction","target":{"@type":"EntryPoint","urlTemplate":"https:\/\/dominion-cs.com\/es\/?s={search_term_string}"},"query-input":{"@type":"PropertyValueSpecification","valueRequired":true,"valueName":"search_term_string"}}],"inLanguage":"es"},{"@type":"Organization","@id":"https:\/\/dominion-cs.com\/es\/#organization","name":"DOMINION","url":"https:\/\/dominion-cs.com\/es\/","logo":{"@type":"ImageObject","inLanguage":"es","@id":"https:\/\/dominion-cs.com\/es\/#\/schema\/logo\/image\/","url":"https:\/\/dominion-cs.com\/wp-content\/uploads\/2025\/06\/dominion-black-square-profiles.png","contentUrl":"https:\/\/dominion-cs.com\/wp-content\/uploads\/2025\/06\/dominion-black-square-profiles.png","width":1828,"height":1829,"caption":"DOMINION"},"image":{"@id":"https:\/\/dominion-cs.com\/es\/#\/schema\/logo\/image\/"},"sameAs":["https:\/\/www.facebook.com\/dominion.cs","https:\/\/x.com\/dominion_cs_"]}]}},"_links":{"self":[{"href":"https:\/\/dominion-cs.com\/es\/wp-json\/wp\/v2\/pages\/8441","targetHints":{"allow":["GET"]}}],"collection":[{"href":"https:\/\/dominion-cs.com\/es\/wp-json\/wp\/v2\/pages"}],"about":[{"href":"https:\/\/dominion-cs.com\/es\/wp-json\/wp\/v2\/types\/page"}],"author":[{"embeddable":true,"href":"https:\/\/dominion-cs.com\/es\/wp-json\/wp\/v2\/users\/1"}],"replies":[{"embeddable":true,"href":"https:\/\/dominion-cs.com\/es\/wp-json\/wp\/v2\/comments?post=8441"}],"version-history":[{"count":2,"href":"https:\/\/dominion-cs.com\/es\/wp-json\/wp\/v2\/pages\/8441\/revisions"}],"predecessor-version":[{"id":8444,"href":"https:\/\/dominion-cs.com\/es\/wp-json\/wp\/v2\/pages\/8441\/revisions\/8444"}],"wp:attachment":[{"href":"https:\/\/dominion-cs.com\/es\/wp-json\/wp\/v2\/media?parent=8441"}],"curies":[{"name":"wp","href":"https:\/\/api.w.org\/{rel}","templated":true}]}}